{"id":3271,"date":"2019-11-22T11:53:20","date_gmt":"2019-11-22T10:53:20","guid":{"rendered":"http:\/\/wp.unyk.tv.172-26-223-1.contacte-nos.com\/?page_id=3271"},"modified":"2023-01-30T11:38:07","modified_gmt":"2023-01-30T11:38:07","slug":"become-a-reseller","status":"publish","type":"page","link":"https:\/\/www.unyk.tv\/en\/become-a-reseller\/","title":{"rendered":"Become a Reseller"},"content":{"rendered":"<p><div class=\"fusion-fullwidth fullwidth-box fusion-builder-row-1 reseller hundred-percent-fullwidth non-hundred-percent-height-scrolling\" style=\"background-color: #f3f5f7;background-position: center center;background-repeat: no-repeat;padding-top:160px;padding-right:0px;padding-bottom:160px;padding-left:0px;margin-bottom: 0px;margin-top: 0px;border-width: 0px 0px 0px 0px;border-color:#eae9e9;border-style:solid;\" ><div class=\"fusion-builder-row fusion-row\"><div class=\"fusion-layout-column fusion_builder_column fusion-builder-column-0 fusion_builder_column_1_1 1_1 fusion-one-full fusion-column-first fusion-column-last fusion-animated\" style=\"margin-top:0px;margin-bottom:0px;\" data-animationType=\"fadeInUp\" data-animationDuration=\"1.0\" data-animationOffset=\"100%\"><div class=\"fusion-column-wrapper fusion-flex-column-wrapper-legacy\" style=\"background-position:left top;background-repeat:no-repeat;-webkit-background-size:cover;-moz-background-size:cover;-o-background-size:cover;background-size:cover;padding: 0px 0px 0px 0px;\"><style type=\"text\/css\"><\/style><div class=\"fusion-title title fusion-title-1 fusion-sep-none fusion-title-center fusion-title-text fusion-title-size-five mw-1160\" style=\"font-size:32px;margin-top:0px;margin-right:auto;margin-bottom:160px;margin-left:auto;\"><h5 class=\"title-heading-center fusion-responsive-typography-calculated\" style=\"margin:0;font-size:1em;--fontSize:32;line-height:1.6;\">Thank you for your interest in learning more about a partnership with Unyktv. As a future reseller, you should know everything you can count on. At Unyktv our partners are key to ensure that the different businesses have access to digital signage, an innovative form of communication. As an established company, we have all the tools necessary to help our partners in this adventure.<\/h5><\/div><div class=\"fusion-content-boxes content-boxes columns row fusion-columns-3 fusion-columns-total-12 fusion-content-boxes-1 content-boxes-icon-with-title content-left reseller-boxes\" data-animationOffset=\"100%\" style=\"margin-top:0px;margin-bottom:20px;\"><style type=\"text\/css\">.fusion-content-boxes-1 .heading .content-box-heading {color:#4d39e9;}\n\t\t\t\t\t.fusion-content-boxes-1 .fusion-content-box-hover .link-area-link-icon-hover .heading .content-box-heading,\n\t\t\t\t\t.fusion-content-boxes-1 .fusion-content-box-hover .link-area-link-icon-hover .heading .heading-link .content-box-heading,\n\t\t\t\t\t.fusion-content-boxes-1 .fusion-content-box-hover .link-area-box-hover .heading .content-box-heading,\n\t\t\t\t\t.fusion-content-boxes-1 .fusion-content-box-hover .link-area-box-hover .heading .heading-link .content-box-heading,\n\t\t\t\t\t.fusion-content-boxes-1 .fusion-content-box-hover .link-area-link-icon-hover.link-area-box .fusion-read-more,\n\t\t\t\t\t.fusion-content-boxes-1 .fusion-content-box-hover .link-area-link-icon-hover.link-area-box .fusion-read-more::after,\n\t\t\t\t\t.fusion-content-boxes-1 .fusion-content-box-hover .link-area-link-icon-hover.link-area-box .fusion-read-more::before,\n\t\t\t\t\t.fusion-content-boxes-1 .fusion-content-box-hover .fusion-read-more:hover:after,\n\t\t\t\t\t.fusion-content-boxes-1 .fusion-content-box-hover .fusion-read-more:hover:before,\n\t\t\t\t\t.fusion-content-boxes-1 .fusion-content-box-hover .fusion-read-more:hover,\n\t\t\t\t\t.fusion-content-boxes-1 .fusion-content-box-hover .link-area-box-hover.link-area-box .fusion-read-more,\n\t\t\t\t\t.fusion-content-boxes-1 .fusion-content-box-hover .link-area-box-hover.link-area-box .fusion-read-more::after,\n\t\t\t\t\t.fusion-content-boxes-1 .fusion-content-box-hover .link-area-box-hover.link-area-box .fusion-read-more::before,\n\t\t\t\t\t.fusion-content-boxes-1 .fusion-content-box-hover .link-area-link-icon-hover .icon .circle-no,\n\t\t\t\t\t.fusion-content-boxes-1 .heading .heading-link:hover .content-box-heading {\n\t\t\t\t\t\tcolor: rgba(87,120,16,0);\n\t\t\t\t\t}\n\t\t\t\t\t.fusion-content-boxes-1 .fusion-content-box-hover .link-area-box-hover .icon .circle-no {\n\t\t\t\t\t\tcolor: rgba(87,120,16,0) !important;\n\t\t\t\t\t}.fusion-content-boxes-1 .fusion-content-box-hover .link-area-box.link-area-box-hover .fusion-content-box-button {background: #00c7b1;color: #ffffff;}.fusion-content-boxes-1 .fusion-content-box-hover .link-area-box.link-area-box-hover .fusion-content-box-button .fusion-button-text {color: #ffffff;}\n\t\t\t\t\t.fusion-content-boxes-1 .fusion-content-box-hover .link-area-link-icon-hover .heading .icon > span {\n\t\t\t\t\t\tbackground-color: rgba(87,120,16,0) !important;\n\t\t\t\t\t}\n\t\t\t\t\t.fusion-content-boxes-1 .fusion-content-box-hover .link-area-box-hover .heading .icon > span {\n\t\t\t\t\t\tborder-color: rgba(87,120,16,0) !important;\n\t\t\t\t\t}<\/style><div class=\"fusion-column content-box-column content-box-column content-box-column-1 col-lg-4 col-md-4 col-sm-4 fusion-content-box-hover content-box-column-first-in-row\"><div class=\"col content-box-wrapper content-wrapper link-area-link-icon icon-hover-animation-fade fusion-animated\" style=\"background-color:rgba(255,255,255,0);\" data-animationType=\"fadeInUp\" data-animationDuration=\"1.0\" data-animationOffset=\"100%\"><div class=\"fusion-clearfix\"><\/div><div class=\"content-container\" style=\"color:#333333;\">\n<div class=\"fad fa-chess-queen-alt\"><\/div>\n<h1>Direct sales support<\/h1>\n<p>Unyktv and its experienced resellers will provide strategies and know-how to boost your sales. Our team is available from Monday to Friday to help you and your clients.<\/p>\n<p class=\"bg-numero\">1<\/p>\n<\/div><\/div><\/div><div class=\"fusion-column content-box-column content-box-column content-box-column-2 col-lg-4 col-md-4 col-sm-4 fusion-content-box-hover \"><div class=\"col content-box-wrapper content-wrapper link-area-link-icon icon-hover-animation-fade fusion-animated\" style=\"background-color:rgba(255,255,255,0);\" data-animationType=\"fadeInUp\" data-animationDuration=\"1.0\" data-animationOffset=\"100%\"><div class=\"fusion-clearfix\"><\/div><div class=\"content-container\" style=\"color:#333333;\">\n<div class=\"fad fa-file-certificate\"><\/div>\n<h1>Training<\/h1>\n<p>In order to sell any product, you obviously need to know about it. We provide training to our resellers so that they can sell products easily, reduce the sales cycle and conquer new business opportunities.<\/p>\n<p class=\"bg-numero\">2<\/p>\n<\/div><\/div><\/div><div class=\"fusion-column content-box-column content-box-column content-box-column-3 col-lg-4 col-md-4 col-sm-4 fusion-content-box-hover content-box-column-last-in-row\"><div class=\"col content-box-wrapper content-wrapper link-area-link-icon icon-hover-animation-fade fusion-animated\" style=\"background-color:rgba(255,255,255,0);\" data-animationType=\"fadeInUp\" data-animationDuration=\"1.0\" data-animationOffset=\"100%\"><div class=\"fusion-clearfix\"><\/div><div class=\"content-container\" style=\"color:#333333;\">\n<div class=\"fad fa-tools\"><\/div>\n<h1>Technical support<\/h1>\n<p>We provide technical assistance to help you optimize the configuration and use of Unyktv products and adapt them to customer needs. Our technical team is here to support you.<\/p>\n<p class=\"bg-numero\">3<\/p>\n<\/div><\/div><\/div><div class=\"fusion-column content-box-column content-box-column content-box-column-4 col-lg-4 col-md-4 col-sm-4 fusion-content-box-hover content-box-column-first-in-row\"><div class=\"col content-box-wrapper content-wrapper link-area-link-icon icon-hover-animation-fade fusion-animated\" style=\"background-color:rgba(255,255,255,0);\" data-animationType=\"fadeInUp\" data-animationDuration=\"1.0\" data-animationOffset=\"100%\"><div class=\"fusion-clearfix\"><\/div><div class=\"content-container\" style=\"color:#333333;\">\n<div class=\"fad fa-euro-sign\"><\/div>\n<h1>Commercial alignment with the market<\/h1>\n<p>We offer advantageous sales margins to profit from our partnership. Your satisfaction is essential, and, to this end, our team is constantly keeping an eye on the market to ensure the best results.<\/p>\n<p class=\"bg-numero\">4<\/p>\n<\/div><\/div><\/div><div class=\"fusion-column content-box-column content-box-column content-box-column-5 col-lg-4 col-md-4 col-sm-4 fusion-content-box-hover \"><div class=\"col content-box-wrapper content-wrapper link-area-link-icon icon-hover-animation-fade fusion-animated\" style=\"background-color:rgba(255,255,255,0);\" data-animationType=\"fadeInUp\" data-animationDuration=\"1.0\" data-animationOffset=\"100%\"><div class=\"fusion-clearfix\"><\/div><div class=\"content-container\" style=\"color:#333333;\">\n<div class=\"fad fa-bells\"><\/div>\n<h1>We provide opportunities<\/h1>\n<p>You can count on our team to show you the best business opportunities and thus grow sales. We&#8217;re always alert.<\/p>\n<p class=\"bg-numero\">5<\/p>\n<\/div><\/div><\/div><div class=\"fusion-column content-box-column content-box-column content-box-column-6 col-lg-4 col-md-4 col-sm-4 fusion-content-box-hover content-box-column-last-in-row\"><div class=\"col content-box-wrapper content-wrapper link-area-link-icon icon-hover-animation-fade fusion-animated\" style=\"background-color:rgba(255,255,255,0);\" data-animationType=\"fadeInUp\" data-animationDuration=\"1.0\" data-animationOffset=\"100%\"><div class=\"fusion-clearfix\"><\/div><div class=\"content-container\" style=\"color:#333333;\">\n<div class=\"fad fa-bullhorn\"><\/div>\n<h1>Marketing material<\/h1>\n<p>We provide all the tools necessary for your success. Marketing is fundamental to make Unyktv products known and to study the market.<\/p>\n<p class=\"bg-numero\">6<\/p>\n<\/div><\/div><\/div><div class=\"fusion-column content-box-column content-box-column content-box-column-7 col-lg-4 col-md-4 col-sm-4 fusion-content-box-hover content-box-column-first-in-row\"><div class=\"col content-box-wrapper content-wrapper link-area-link-icon icon-hover-animation-fade fusion-animated\" style=\"background-color:rgba(255,255,255,0);\" data-animationType=\"fadeInUp\" data-animationDuration=\"1.0\" data-animationOffset=\"100%\"><div class=\"fusion-clearfix\"><\/div><div class=\"content-container\" style=\"color:#333333;\">\n<div class=\"fad fa-sitemap\"><\/div>\n<h1>Exclusive business model<\/h1>\n<p>We will share with you our business model. Our strategy focuses on our partners\u2019 important role and pushes their skills and services to deliver the best solutions to their clients.<\/p>\n<p class=\"bg-numero\">7<\/p>\n<\/div><\/div><\/div><div class=\"fusion-column content-box-column content-box-column content-box-column-8 col-lg-4 col-md-4 col-sm-4 fusion-content-box-hover \"><div class=\"col content-box-wrapper content-wrapper link-area-link-icon icon-hover-animation-fade fusion-animated\" style=\"background-color:rgba(255,255,255,0);\" data-animationType=\"fadeInUp\" data-animationDuration=\"1.0\" data-animationOffset=\"100%\"><div class=\"fusion-clearfix\"><\/div><div class=\"content-container\" style=\"color:#333333;\">\n<div class=\"fad fa-server\"><\/div>\n<h1>HARDWARE agnostic<\/h1>\n<p>Our partners can choose the best hardware to meet each customer&#8217;s requirements. In this way, the solutions adapt to the needs of the customer and not the opposite.<\/p>\n<p class=\"bg-numero\">8<\/p>\n<\/div><\/div><\/div><div class=\"fusion-column content-box-column content-box-column content-box-column-9 col-lg-4 col-md-4 col-sm-4 fusion-content-box-hover content-box-column-last-in-row\"><div class=\"col content-box-wrapper content-wrapper link-area-link-icon icon-hover-animation-fade fusion-animated\" style=\"background-color:rgba(255,255,255,0);\" data-animationType=\"fadeInUp\" data-animationDuration=\"1.0\" data-animationOffset=\"100%\"><div class=\"fusion-clearfix\"><\/div><div class=\"content-container\" style=\"color:#333333;\">\n<div class=\"fad fa-pencil-paintbrush\"><\/div>\n<h1>Design and implementation support<\/h1>\n<p>Our partners are not alone at any stage. Teamwork is critical for each project to run smoothly.<\/p>\n<p class=\"bg-numero\">9<\/p>\n<\/div><\/div><\/div><div class=\"fusion-column content-box-column content-box-column content-box-column-10 col-lg-4 col-md-4 col-sm-4 fusion-content-box-hover content-box-column-first-in-row\"><div class=\"col content-box-wrapper content-wrapper link-area-link-icon icon-hover-animation-fade fusion-animated\" style=\"background-color:rgba(255,255,255,0);\" data-animationType=\"fadeInUp\" data-animationDuration=\"1.0\" data-animationOffset=\"100%\"><div class=\"fusion-clearfix\"><\/div><div class=\"content-container\" style=\"color:#333333;\">\n<div class=\"fad fa-pencil-ruler\"><\/div>\n<h1>We develop tailor-made integrations and solutions<\/h1>\n<p>We offer simple and customized solutions. Our products are designed with each client\u2019s needs in mind, which optimizes the implementation process and later use.<\/p>\n<p class=\"bg-numero\">10<\/p>\n<\/div><\/div><\/div><div class=\"fusion-column content-box-column content-box-column content-box-column-11 col-lg-4 col-md-4 col-sm-4 fusion-content-box-hover \"><div class=\"col content-box-wrapper content-wrapper link-area-link-icon icon-hover-animation-fade fusion-animated\" style=\"background-color:rgba(255,255,255,0);\" data-animationType=\"fadeInUp\" data-animationDuration=\"1.0\" data-animationOffset=\"100%\"><div class=\"fusion-clearfix\"><\/div><div class=\"content-container\" style=\"color:#333333;\">\n<div class=\"fad fa-briefcase\"><\/div>\n<h1>Simple solutions<\/h1>\n<p>We offer a simple solution to implement that\u2019s easy to manage, which ensures satisfied customers in the short, medium and long term. It\u2019s a solution suitable for various sectors of activity, adapted to your business.<\/p>\n<p class=\"bg-numero\">11<\/p>\n<\/div><\/div><\/div><div class=\"fusion-column content-box-column content-box-column content-box-column-12 col-lg-4 col-md-4 col-sm-4 fusion-content-box-hover content-box-column-last content-box-column-last-in-row\"><div class=\"col content-box-wrapper content-wrapper link-area-link-icon icon-hover-animation-fade fusion-animated\" style=\"background-color:rgba(255,255,255,0);\" data-animationType=\"fadeInUp\" data-animationDuration=\"1.0\" data-animationOffset=\"100%\"><div class=\"fusion-clearfix\"><\/div><div class=\"content-container\" style=\"color:#333333;\">\n<div class=\"fad fa-handshake\"><\/div>\n<h1>Focus on WIN-WIN-WIN<\/h1>\n<p>We believe that working together will be a pleasant and positive experience. We&#8217;re ready to help you with everything you need.<\/p>\n<p class=\"bg-numero\">12<\/p>\n<\/div><\/div><\/div><style type=\"text\/css\">\n\t\t\t\t\t\t.fusion-content-boxes-1 .fusion-content-box-hover .heading-link:hover .icon i.circle-yes,\n\t\t\t\t\t\t.fusion-content-boxes-1 .fusion-content-box-hover .link-area-box:hover .heading-link .icon i.circle-yes,\n\t\t\t\t\t\t.fusion-content-boxes-1 .fusion-content-box-hover .link-area-link-icon-hover .heading .icon i.circle-yes,\n\t\t\t\t\t\t.fusion-content-boxes-1 .fusion-content-box-hover .link-area-box-hover .heading .icon i.circle-yes {\n\t\t\t\t\t\t\tbackground-color: rgba(87,120,16,0) !important;\n\t\t\t\t\t\t\tborder-color: rgba(87,120,16,0) !important;\n\t\t\t\t\t\t}<\/style><div class=\"fusion-clearfix\"><\/div><\/div><div class=\"fusion-clearfix\"><\/div><\/div><\/div><\/div><\/div><div class=\"fusion-fullwidth fullwidth-box fusion-builder-row-2 solucoes-cta-container cta-container nonhundred-percent-fullwidth non-hundred-percent-height-scrolling\" style=\"background-color: #000000;background-position: center center;background-repeat: no-repeat;padding-top:0px;padding-right:0px;padding-bottom:0px;padding-left:0px;margin-bottom: 0px;margin-top: 0px;border-width: 0px 0px 0px 0px;border-color:#eae9e9;border-style:solid;\" ><div class=\"fusion-builder-row fusion-row\"><div class=\"fusion-layout-column fusion_builder_column fusion-builder-column-1 fusion_builder_column_1_1 1_1 fusion-one-full fusion-column-first fusion-column-last\" style=\"margin-top:160px;margin-bottom:160px;\"><div class=\"fusion-column-wrapper fusion-flex-column-wrapper-legacy\" style=\"background-position:left top;background-repeat:no-repeat;-webkit-background-size:cover;-moz-background-size:cover;-o-background-size:cover;background-size:cover;padding: 0px 0px 0px 0px;\"><style type=\"text\/css\"><\/style><div class=\"fusion-title title fusion-title-2 fusion-sep-none fusion-title-center fusion-title-text fusion-title-size-two\" style=\"margin-top:0px;margin-right:0px;margin-bottom:0px;margin-left:0px;\"><h2 class=\"title-heading-center fusion-responsive-typography-calculated\" style=\"margin:0;color:#ffffff;--fontSize:56;line-height:1.25;\"><p>Quero ser um revendedor,<br \/>\no que devo fazer?<\/p><\/h2><\/div><style type=\"text\/css\"><\/style><div class=\"fusion-title title fusion-title-3 fusion-sep-none fusion-title-center fusion-title-text fusion-title-size-three\" style=\"font-size:20px;margin-top:40px;margin-right:0px;margin-bottom:32px;margin-left:0px;\"><h3 class=\"title-heading-center fusion-responsive-typography-calculated\" style=\"margin:0;font-size:1em;color:#ffffff;--fontSize:20;line-height:1.3;\"><p>\u00c9 simples e r\u00e1pido. Contacte-nos e responderemos a todas as suas quest\u00f5es com a maior brevidade.<br \/>\n<strong>Vamos crescer juntos!<\/strong><\/p><\/h3><\/div><div class=\"fusion-aligncenter\"><style type=\"text\/css\">.fusion-button.button-1 {border-radius:25px;}.fusion-button.button-1 .fusion-button-text {text-transform:uppercase;}<\/style><a class=\"fusion-button button-flat fusion-button-default-size button-default button-1 fusion-button-default-span fusion-button-default-type btn btn-transparent btn-white\" target=\"_self\" href=\"http:\/\/www.unyk.tv\/revendedor-form\/\"><span class=\"fusion-button-text\">enviar email<\/span><\/a><\/div><div class=\"fusion-clearfix\"><\/div><\/div><\/div><\/div><\/div>\n<\/p>\n","protected":false},"excerpt":{"rendered":"","protected":false},"author":2,"featured_media":0,"parent":0,"menu_order":0,"comment_status":"closed","ping_status":"closed","template":"100-width.php","meta":[],"yoast_head":"<!-- This site is optimized with the Yoast SEO plugin v20.4 - https:\/\/yoast.com\/wordpress\/plugins\/seo\/ -->\n<title>Become a Reseller - UnykTV\u2122<\/title>\n<meta name=\"description\" content=\"Digital Signage Software. Exclusive 10+ features that are unique to the Cloud Signage Industry. Digital Sign made easy! Check Unyk TV.\" \/>\n<meta name=\"robots\" content=\"index, follow, max-snippet:-1, max-image-preview:large, max-video-preview:-1\" \/>\n<link rel=\"canonical\" href=\"https:\/\/www.unyk.tv\/ser-revendedor\/\" \/>\n<meta property=\"og:locale\" content=\"en_US\" \/>\n<meta property=\"og:type\" content=\"article\" \/>\n<meta property=\"og:title\" content=\"Become a Reseller - UnykTV\u2122\" \/>\n<meta property=\"og:description\" content=\"Digital Signage Software. Exclusive 10+ features that are unique to the Cloud Signage Industry. Digital Sign made easy! Check Unyk TV.\" \/>\n<meta property=\"og:url\" content=\"https:\/\/www.unyk.tv\/ser-revendedor\/\" \/>\n<meta property=\"og:site_name\" content=\"UnykTV\u2122\" \/>\n<meta property=\"article:publisher\" content=\"https:\/\/www.facebook.com\/unyktv\/\" \/>\n<meta property=\"article:modified_time\" content=\"2023-01-30T11:38:07+00:00\" \/>\n<meta property=\"og:image\" content=\"https:\/\/www.unyk.tv\/wp-content\/uploads\/2019\/11\/hospitality_footer.jpg\" \/>\n\t<meta property=\"og:image:width\" content=\"1920\" \/>\n\t<meta property=\"og:image:height\" content=\"1280\" \/>\n\t<meta property=\"og:image:type\" content=\"image\/jpeg\" \/>\n<meta name=\"twitter:card\" content=\"summary_large_image\" \/>\n<meta name=\"twitter:site\" content=\"@unyktv\" \/>\n<meta name=\"twitter:label1\" content=\"Est. reading time\" \/>\n\t<meta name=\"twitter:data1\" content=\"7 minutes\" \/>\n<script type=\"application\/ld+json\" class=\"yoast-schema-graph\">{\"@context\":\"https:\/\/schema.org\",\"@graph\":[{\"@type\":\"WebPage\",\"@id\":\"https:\/\/www.unyk.tv\/ser-revendedor\/\",\"url\":\"https:\/\/www.unyk.tv\/ser-revendedor\/\",\"name\":\"Become a Reseller - UnykTV\u2122\",\"isPartOf\":{\"@id\":\"https:\/\/www.unyk.tv\/en\/#website\"},\"datePublished\":\"2019-11-22T10:53:20+00:00\",\"dateModified\":\"2023-01-30T11:38:07+00:00\",\"description\":\"Digital Signage Software. Exclusive 10+ features that are unique to the Cloud Signage Industry. Digital Sign made easy! Check Unyk TV.\",\"breadcrumb\":{\"@id\":\"https:\/\/www.unyk.tv\/ser-revendedor\/#breadcrumb\"},\"inLanguage\":\"en-US\",\"potentialAction\":[{\"@type\":\"ReadAction\",\"target\":[\"https:\/\/www.unyk.tv\/ser-revendedor\/\"]}]},{\"@type\":\"BreadcrumbList\",\"@id\":\"https:\/\/www.unyk.tv\/ser-revendedor\/#breadcrumb\",\"itemListElement\":[{\"@type\":\"ListItem\",\"position\":1,\"name\":\"Home\",\"item\":\"https:\/\/www.unyk.tv\/en\/\"},{\"@type\":\"ListItem\",\"position\":2,\"name\":\"Become a Reseller\"}]},{\"@type\":\"WebSite\",\"@id\":\"https:\/\/www.unyk.tv\/en\/#website\",\"url\":\"https:\/\/www.unyk.tv\/en\/\",\"name\":\"UnykTV\u2122\",\"description\":\"Cloud Signage and Cloud Hospitality\",\"potentialAction\":[{\"@type\":\"SearchAction\",\"target\":{\"@type\":\"EntryPoint\",\"urlTemplate\":\"https:\/\/www.unyk.tv\/en\/?s={search_term_string}\"},\"query-input\":\"required name=search_term_string\"}],\"inLanguage\":\"en-US\"}]}<\/script>\n<!-- \/ Yoast SEO plugin. -->","yoast_head_json":{"title":"Become a Reseller - UnykTV\u2122","description":"Digital Signage Software. Exclusive 10+ features that are unique to the Cloud Signage Industry. Digital Sign made easy! Check Unyk TV.","robots":{"index":"index","follow":"follow","max-snippet":"max-snippet:-1","max-image-preview":"max-image-preview:large","max-video-preview":"max-video-preview:-1"},"canonical":"https:\/\/www.unyk.tv\/ser-revendedor\/","og_locale":"en_US","og_type":"article","og_title":"Become a Reseller - UnykTV\u2122","og_description":"Digital Signage Software. Exclusive 10+ features that are unique to the Cloud Signage Industry. Digital Sign made easy! Check Unyk TV.","og_url":"https:\/\/www.unyk.tv\/ser-revendedor\/","og_site_name":"UnykTV\u2122","article_publisher":"https:\/\/www.facebook.com\/unyktv\/","article_modified_time":"2023-01-30T11:38:07+00:00","og_image":[{"width":1920,"height":1280,"url":"https:\/\/www.unyk.tv\/wp-content\/uploads\/2019\/11\/hospitality_footer.jpg","type":"image\/jpeg"}],"twitter_card":"summary_large_image","twitter_site":"@unyktv","twitter_misc":{"Est. reading time":"7 minutes"},"schema":{"@context":"https:\/\/schema.org","@graph":[{"@type":"WebPage","@id":"https:\/\/www.unyk.tv\/ser-revendedor\/","url":"https:\/\/www.unyk.tv\/ser-revendedor\/","name":"Become a Reseller - UnykTV\u2122","isPartOf":{"@id":"https:\/\/www.unyk.tv\/en\/#website"},"datePublished":"2019-11-22T10:53:20+00:00","dateModified":"2023-01-30T11:38:07+00:00","description":"Digital Signage Software. Exclusive 10+ features that are unique to the Cloud Signage Industry. Digital Sign made easy! Check Unyk TV.","breadcrumb":{"@id":"https:\/\/www.unyk.tv\/ser-revendedor\/#breadcrumb"},"inLanguage":"en-US","potentialAction":[{"@type":"ReadAction","target":["https:\/\/www.unyk.tv\/ser-revendedor\/"]}]},{"@type":"BreadcrumbList","@id":"https:\/\/www.unyk.tv\/ser-revendedor\/#breadcrumb","itemListElement":[{"@type":"ListItem","position":1,"name":"Home","item":"https:\/\/www.unyk.tv\/en\/"},{"@type":"ListItem","position":2,"name":"Become a Reseller"}]},{"@type":"WebSite","@id":"https:\/\/www.unyk.tv\/en\/#website","url":"https:\/\/www.unyk.tv\/en\/","name":"UnykTV\u2122","description":"Cloud Signage and Cloud Hospitality","potentialAction":[{"@type":"SearchAction","target":{"@type":"EntryPoint","urlTemplate":"https:\/\/www.unyk.tv\/en\/?s={search_term_string}"},"query-input":"required name=search_term_string"}],"inLanguage":"en-US"}]}},"_links":{"self":[{"href":"https:\/\/www.unyk.tv\/en\/wp-json\/wp\/v2\/pages\/3271"}],"collection":[{"href":"https:\/\/www.unyk.tv\/en\/wp-json\/wp\/v2\/pages"}],"about":[{"href":"https:\/\/www.unyk.tv\/en\/wp-json\/wp\/v2\/types\/page"}],"author":[{"embeddable":true,"href":"https:\/\/www.unyk.tv\/en\/wp-json\/wp\/v2\/users\/2"}],"replies":[{"embeddable":true,"href":"https:\/\/www.unyk.tv\/en\/wp-json\/wp\/v2\/comments?post=3271"}],"version-history":[{"count":3,"href":"https:\/\/www.unyk.tv\/en\/wp-json\/wp\/v2\/pages\/3271\/revisions"}],"predecessor-version":[{"id":5069,"href":"https:\/\/www.unyk.tv\/en\/wp-json\/wp\/v2\/pages\/3271\/revisions\/5069"}],"wp:attachment":[{"href":"https:\/\/www.unyk.tv\/en\/wp-json\/wp\/v2\/media?parent=3271"}],"curies":[{"name":"wp","href":"https:\/\/api.w.org\/{rel}","templated":true}]}}