{"id":4271,"date":"2019-12-03T14:58:30","date_gmt":"2019-12-03T13:58:30","guid":{"rendered":"http:\/\/wp.unyk.tv.172-26-223-1.contacte-nos.com\/solucion-salud\/"},"modified":"2025-09-24T15:55:40","modified_gmt":"2025-09-24T15:55:40","slug":"solucion-salud","status":"publish","type":"page","link":"https:\/\/www.unyk.tv\/es\/solucion-salud\/","title":{"rendered":"Soluci\u00f3n | Salud"},"content":{"rendered":"<p><div class=\"fusion-fullwidth fullwidth-box fusion-builder-row-1 solucoes hundred-percent-fullwidth non-hundred-percent-height-scrolling fusion-equal-height-columns\" style=\"background-color: #f3f5f7;background-position: center center;background-repeat: no-repeat;padding-top:0px;padding-right:0px;padding-bottom:80px;padding-left:0px;margin-bottom: 0px;margin-top: 0px;border-width: 0px 0px 0px 0px;border-color:#eae9e9;border-style:solid;\" ><div class=\"fusion-builder-row fusion-row\"><div class=\"fusion-layout-column fusion_builder_column fusion-builder-column-0 fusion_builder_column_1_1 1_1 fusion-one-full fusion-column-first fusion-column-last solucoes__image\" style=\"margin-top:0px;margin-bottom:-160px;\"><div class=\"fusion-column-wrapper lazyload fusion-flex-column-wrapper-legacy\" style=\"background-position:center top;background-repeat:no-repeat;-webkit-background-size:cover;-moz-background-size:cover;-o-background-size:cover;background-size:cover;padding: 0px 0px 0px 0px;\" data-bg-url=\"http:\/\/www.unyk.tv\/wp-content\/uploads\/2019\/11\/saude.jpg\" data-bg=\"http:\/\/www.unyk.tv\/wp-content\/uploads\/2019\/11\/saude.jpg\"><div class=\"fusion-clearfix\"><\/div><\/div><\/div><div class=\"fusion-layout-column fusion_builder_column fusion-builder-column-1 fusion_builder_column_1_2 1_2 fusion-one-half fusion-column-first solucoes__left-block fusion-animated\" style=\"width:50%;width:calc(50% - ( ( 0px ) * 0.5 ) );margin-right: 0px;margin-top:0px;margin-bottom:0px;\" data-animationType=\"fadeInUp\" data-animationDuration=\"1.0\" data-animationOffset=\"100%\"><div class=\"fusion-column-wrapper fusion-flex-column-wrapper-legacy\" style=\"background-position:left top;background-repeat:no-repeat;-webkit-background-size:cover;-moz-background-size:cover;-o-background-size:cover;background-size:cover;background-color:#ffffff;padding: 80px 0px 80px 0px;\"><div class=\"imageframe-align-center\"><span class=\" fusion-imageframe imageframe-none imageframe-1 hover-type-none fad fa-briefcase-medical\"><\/span><\/div><style type=\"text\/css\"><\/style><div class=\"fusion-title title fusion-title-1 fusion-sep-none fusion-title-center fusion-title-text fusion-title-size-six mt-2\" style=\"margin-top:0px;margin-right:0px;margin-bottom:0px;margin-left:0px;\"><h6 class=\"title-heading-center fusion-responsive-typography-calculated\" style=\"margin:0;--fontSize:48;line-height:1.5;\">Salud<\/h6><\/div><div class=\"fusion-text fusion-text-1 mt-2 text-left\"><p>La salud es un punto cr\u00edtico de la sociedad. Es un sector que combina la evoluci\u00f3n constante con principios centenarios que deben ser respetados. La comunicaci\u00f3n en este sector es particularmente compleja y debe:<\/p>\n<ul>\n<li>ser clara y concisa;<\/li>\n<li>facilitar el funcionamiento del servicio de salud;<\/li>\n<li>en ciertos casos ser confidencial y protegida;<\/li>\n<li>adaptarse a las necesidades de servicio y usuarios.<\/li>\n<\/ul>\n<\/div><div class=\"fusion-clearfix\"><\/div><\/div><\/div><div class=\"fusion-layout-column fusion_builder_column fusion-builder-column-2 fusion_builder_column_1_2 1_2 fusion-one-half fusion-column-last solucoes__right-block fusion-animated\" style=\"width:50%;width:calc(50% - ( ( 0px ) * 0.5 ) );margin-top:0px;margin-bottom:0px;\" data-animationType=\"fadeInUp\" data-animationDuration=\"1.0\" data-animationOffset=\"100%\"><div class=\"fusion-column-wrapper fusion-flex-column-wrapper-legacy\" style=\"background-position:left top;background-repeat:no-repeat;-webkit-background-size:cover;-moz-background-size:cover;-o-background-size:cover;background-size:cover;background-color:#000000;padding: 80px 0px 80px 0px;\"><style type=\"text\/css\"><\/style><div class=\"fusion-title title fusion-title-2 fusion-sep-none fusion-title-center fusion-title-text fusion-title-size-six pb-2\" style=\"margin-top:0px;margin-right:0px;margin-bottom:0px;margin-left:0px;\"><h6 class=\"title-heading-center fusion-responsive-typography-calculated\" style=\"margin:0;color:#ffffff;--fontSize:48;line-height:1.5;\">Soluci\u00f3n<\/h6><\/div><div class=\"fusion-builder-row fusion-builder-row-inner fusion-row\"><div class=\"fusion-layout-column fusion_builder_column_inner fusion-builder-nested-column-0 fusion_builder_column_inner_1_4 1_4 fusion-one-fourth fusion-column-first text-center\" style=\"width:25%;width:calc(25% - ( ( 4% + 4% ) * 0.25 ) );margin-right: 4%;margin-top:0px;margin-bottom:0px;\"><div class=\"fusion-column-wrapper fusion-flex-column-wrapper-legacy\" style=\"background-position:left top;background-repeat:no-repeat;-webkit-background-size:cover;-moz-background-size:cover;-o-background-size:cover;background-size:cover;padding: 0px 0px 0px 0px;\"><div class=\"fusion-text fusion-text-2\"><div class=\"fal fa-tv fa-2x\" style=\"text-align: center;\"><\/div>\n<\/div><style type=\"text\/css\"><\/style><div class=\"fusion-title title fusion-title-3 fusion-sep-none fusion-title-center fusion-title-text fusion-title-size-three mt-1\" style=\"font-size:18px;margin-top:0px;margin-right:0px;margin-bottom:0px;margin-left:0px;\"><h3 class=\"title-heading-center fusion-responsive-typography-calculated\" style=\"margin:0;font-size:1em;color:#ffffff;--fontSize:18;line-height:1.3;\">Hospitality<\/h3><\/div><div class=\"fusion-clearfix\"><\/div><\/div><\/div><div class=\"fusion-layout-column fusion_builder_column_inner fusion-builder-nested-column-1 fusion_builder_column_inner_1_4 1_4 fusion-one-fourth text-center\" style=\"width:25%;width:calc(25% - ( ( 4% + 4% ) * 0.25 ) );margin-right: 4%;margin-top:0px;margin-bottom:0px;\"><div class=\"fusion-column-wrapper fusion-flex-column-wrapper-legacy\" style=\"background-position:left top;background-repeat:no-repeat;-webkit-background-size:cover;-moz-background-size:cover;-o-background-size:cover;background-size:cover;padding: 0px 0px 0px 0px;\"><div class=\"fusion-text fusion-text-3\"><div class=\"fal fa-tv fa-2x\" style=\"text-align: center;\"><\/div>\n<\/div><style type=\"text\/css\"><\/style><div class=\"fusion-title title fusion-title-4 fusion-sep-none fusion-title-center fusion-title-text fusion-title-size-three mt-1\" style=\"font-size:18px;margin-top:0px;margin-right:0px;margin-bottom:0px;margin-left:0px;\"><h3 class=\"title-heading-center fusion-responsive-typography-calculated\" style=\"margin:0;font-size:1em;color:#ffffff;--fontSize:18;line-height:1.3;\">Signage<\/h3><\/div><div class=\"fusion-clearfix\"><\/div><\/div><\/div><div class=\"fusion-layout-column fusion_builder_column_inner fusion-builder-nested-column-2 fusion_builder_column_inner_1_4 1_4 fusion-one-fourth fusion-column-last text-center\" style=\"width:25%;width:calc(25% - ( ( 4% + 4% ) * 0.25 ) );margin-top:0px;margin-bottom:0px;\"><div class=\"fusion-column-wrapper fusion-flex-column-wrapper-legacy\" style=\"background-position:left top;background-repeat:no-repeat;-webkit-background-size:cover;-moz-background-size:cover;-o-background-size:cover;background-size:cover;padding: 0px 0px 0px 0px;\"><div class=\"fusion-text fusion-text-4\"><div class=\"fal fa-tv fa-2x\" style=\"text-align: center;\"><\/div>\n<\/div><style type=\"text\/css\"><\/style><div class=\"fusion-title title fusion-title-5 fusion-sep-none fusion-title-center fusion-title-text fusion-title-size-three mt-1\" style=\"font-size:18px;margin-top:0px;margin-right:0px;margin-bottom:0px;margin-left:0px;\"><h3 class=\"title-heading-center fusion-responsive-typography-calculated\" style=\"margin:0;font-size:1em;color:#ffffff;--fontSize:18;line-height:1.3;\">Channel<\/h3><\/div><div class=\"fusion-clearfix\"><\/div><\/div><\/div><\/div><div class=\"fusion-text fusion-text-5 mt-2 text-left\"><p>La experiencia UnykTV en el \u00e1rea de la salud permite:<\/p>\n<ul>\n<li>flexibilidad y adaptabilidad a la realidad de cualquier unidad de salud;<\/li>\n<li>experiencia dise\u00f1ada para compartir informaci\u00f3n coherente, desde las \u00e1reas de atenci\u00f3n hasta la hospitalizaci\u00f3n;<\/li>\n<li>informaci\u00f3n confidencial, respetando las normas requeridas por el sector.<\/li>\n<\/ul>\n<\/div><div class=\"fusion-clearfix\"><\/div><\/div><\/div><\/div><\/div><div class=\"fusion-fullwidth fullwidth-box fusion-builder-row-2 solucoes-cta-container cta-container nonhundred-percent-fullwidth non-hundred-percent-height-scrolling\" style=\"background-color: #000000;background-position: center center;background-repeat: no-repeat;padding-top:0px;padding-right:0px;padding-bottom:0px;padding-left:0px;margin-bottom: 0px;margin-top: 0px;border-width: 0px 0px 0px 0px;border-color:#eae9e9;border-style:solid;\" ><div class=\"fusion-builder-row fusion-row\"><div class=\"fusion-layout-column fusion_builder_column fusion-builder-column-3 fusion_builder_column_1_1 1_1 fusion-one-full fusion-column-first fusion-column-last\" style=\"margin-top:160px;margin-bottom:160px;\"><div class=\"fusion-column-wrapper fusion-flex-column-wrapper-legacy\" style=\"background-position:left top;background-repeat:no-repeat;-webkit-background-size:cover;-moz-background-size:cover;-o-background-size:cover;background-size:cover;padding: 0px 0px 0px 0px;\"><style type=\"text\/css\"><\/style><div class=\"fusion-title title fusion-title-6 fusion-sep-none fusion-title-center fusion-title-text fusion-title-size-two\" style=\"margin-top:0px;margin-right:0px;margin-bottom:0px;margin-left:0px;\"><h2 class=\"title-heading-center fusion-responsive-typography-calculated\" style=\"margin:0;color:#ffffff;--fontSize:56;line-height:1.25;\">Soluciones UnykTV<\/h2><\/div><style type=\"text\/css\"><\/style><div class=\"fusion-title title fusion-title-7 fusion-sep-none fusion-title-center fusion-title-text fusion-title-size-three\" style=\"font-size:20px;margin-top:40px;margin-right:0px;margin-bottom:32px;margin-left:0px;\"><h3 class=\"title-heading-center fusion-responsive-typography-calculated\" style=\"margin:0;font-size:1em;color:#ffffff;--fontSize:20;line-height:1.3;\">\u00danase a los miles de clientes en todo el mundo que ya han transformado su negocio<br \/>\ncon nuestras soluciones personalizadas<\/h3><\/div><div class=\"fusion-aligncenter\"><style type=\"text\/css\">.fusion-button.button-1 {border-radius:25px;}.fusion-button.button-1 .fusion-button-text {text-transform:uppercase;}<\/style><a class=\"fusion-button button-flat fusion-button-default-size button-default button-1 fusion-button-default-span fusion-button-default-type btn btn-transparent btn-white\" target=\"_self\" href=\"http:\/\/www.unyk.tv\/es\/contactos\/\"><span class=\"fusion-button-text\">CONT\u00c1CTANOS<\/span><\/a><\/div><div class=\"fusion-clearfix\"><\/div><\/div><\/div><\/div><\/div>\n<\/p>\n","protected":false},"excerpt":{"rendered":"","protected":false},"author":2,"featured_media":0,"parent":0,"menu_order":0,"comment_status":"closed","ping_status":"closed","template":"100-width.php","meta":[],"yoast_head":"<!-- This site is optimized with the Yoast SEO plugin v20.4 - https:\/\/yoast.com\/wordpress\/plugins\/seo\/ -->\n<title>Soluci\u00f3n | Salud - UnykTV\u2122<\/title>\n<meta name=\"description\" content=\"Digital Signage Software. Exclusive 10+ features that are unique to the Cloud Signage Industry. Digital Sign made easy! Check Unyk TV.\" \/>\n<meta name=\"robots\" content=\"index, follow, max-snippet:-1, max-image-preview:large, max-video-preview:-1\" \/>\n<link rel=\"canonical\" href=\"https:\/\/www.unyk.tv\/es\/solucion-salud\/\" \/>\n<meta property=\"og:locale\" content=\"es_ES\" \/>\n<meta property=\"og:type\" content=\"article\" \/>\n<meta property=\"og:title\" content=\"Soluci\u00f3n | Salud - UnykTV\u2122\" \/>\n<meta property=\"og:description\" content=\"Digital Signage Software. Exclusive 10+ features that are unique to the Cloud Signage Industry. Digital Sign made easy! Check Unyk TV.\" \/>\n<meta property=\"og:url\" content=\"https:\/\/www.unyk.tv\/es\/solucion-salud\/\" \/>\n<meta property=\"og:site_name\" content=\"UnykTV\u2122\" \/>\n<meta property=\"article:publisher\" content=\"https:\/\/www.facebook.com\/unyktv\/\" \/>\n<meta property=\"article:modified_time\" content=\"2025-09-24T15:55:40+00:00\" \/>\n<meta property=\"og:image\" content=\"https:\/\/www.unyk.tv\/wp-content\/uploads\/2019\/11\/hospitality_footer.jpg\" \/>\n\t<meta property=\"og:image:width\" content=\"1920\" \/>\n\t<meta property=\"og:image:height\" content=\"1280\" \/>\n\t<meta property=\"og:image:type\" content=\"image\/jpeg\" \/>\n<meta name=\"twitter:card\" content=\"summary_large_image\" \/>\n<meta name=\"twitter:site\" content=\"@unyktv\" \/>\n<meta name=\"twitter:label1\" content=\"Tiempo de lectura\" \/>\n\t<meta name=\"twitter:data1\" content=\"5 minutos\" \/>\n<script type=\"application\/ld+json\" class=\"yoast-schema-graph\">{\"@context\":\"https:\/\/schema.org\",\"@graph\":[{\"@type\":\"WebPage\",\"@id\":\"https:\/\/www.unyk.tv\/es\/solucion-salud\/\",\"url\":\"https:\/\/www.unyk.tv\/es\/solucion-salud\/\",\"name\":\"Soluci\u00f3n | Salud - UnykTV\u2122\",\"isPartOf\":{\"@id\":\"https:\/\/www.unyk.tv\/en\/#website\"},\"datePublished\":\"2019-12-03T13:58:30+00:00\",\"dateModified\":\"2025-09-24T15:55:40+00:00\",\"description\":\"Digital Signage Software. Exclusive 10+ features that are unique to the Cloud Signage Industry. Digital Sign made easy! Check Unyk TV.\",\"breadcrumb\":{\"@id\":\"https:\/\/www.unyk.tv\/es\/solucion-salud\/#breadcrumb\"},\"inLanguage\":\"es\",\"potentialAction\":[{\"@type\":\"ReadAction\",\"target\":[\"https:\/\/www.unyk.tv\/es\/solucion-salud\/\"]}]},{\"@type\":\"BreadcrumbList\",\"@id\":\"https:\/\/www.unyk.tv\/es\/solucion-salud\/#breadcrumb\",\"itemListElement\":[{\"@type\":\"ListItem\",\"position\":1,\"name\":\"Home\",\"item\":\"https:\/\/www.unyk.tv\/es\/\"},{\"@type\":\"ListItem\",\"position\":2,\"name\":\"Soluci\u00f3n | Salud\"}]},{\"@type\":\"WebSite\",\"@id\":\"https:\/\/www.unyk.tv\/en\/#website\",\"url\":\"https:\/\/www.unyk.tv\/en\/\",\"name\":\"UnykTV\u2122\",\"description\":\"Cloud Signage and Cloud Hospitality\",\"potentialAction\":[{\"@type\":\"SearchAction\",\"target\":{\"@type\":\"EntryPoint\",\"urlTemplate\":\"https:\/\/www.unyk.tv\/en\/?s={search_term_string}\"},\"query-input\":\"required name=search_term_string\"}],\"inLanguage\":\"es\"}]}<\/script>\n<!-- \/ Yoast SEO plugin. -->","yoast_head_json":{"title":"Soluci\u00f3n | Salud - UnykTV\u2122","description":"Digital Signage Software. Exclusive 10+ features that are unique to the Cloud Signage Industry. Digital Sign made easy! Check Unyk TV.","robots":{"index":"index","follow":"follow","max-snippet":"max-snippet:-1","max-image-preview":"max-image-preview:large","max-video-preview":"max-video-preview:-1"},"canonical":"https:\/\/www.unyk.tv\/es\/solucion-salud\/","og_locale":"es_ES","og_type":"article","og_title":"Soluci\u00f3n | Salud - UnykTV\u2122","og_description":"Digital Signage Software. Exclusive 10+ features that are unique to the Cloud Signage Industry. Digital Sign made easy! Check Unyk TV.","og_url":"https:\/\/www.unyk.tv\/es\/solucion-salud\/","og_site_name":"UnykTV\u2122","article_publisher":"https:\/\/www.facebook.com\/unyktv\/","article_modified_time":"2025-09-24T15:55:40+00:00","og_image":[{"width":1920,"height":1280,"url":"https:\/\/www.unyk.tv\/wp-content\/uploads\/2019\/11\/hospitality_footer.jpg","type":"image\/jpeg"}],"twitter_card":"summary_large_image","twitter_site":"@unyktv","twitter_misc":{"Tiempo de lectura":"5 minutos"},"schema":{"@context":"https:\/\/schema.org","@graph":[{"@type":"WebPage","@id":"https:\/\/www.unyk.tv\/es\/solucion-salud\/","url":"https:\/\/www.unyk.tv\/es\/solucion-salud\/","name":"Soluci\u00f3n | Salud - UnykTV\u2122","isPartOf":{"@id":"https:\/\/www.unyk.tv\/en\/#website"},"datePublished":"2019-12-03T13:58:30+00:00","dateModified":"2025-09-24T15:55:40+00:00","description":"Digital Signage Software. Exclusive 10+ features that are unique to the Cloud Signage Industry. Digital Sign made easy! Check Unyk TV.","breadcrumb":{"@id":"https:\/\/www.unyk.tv\/es\/solucion-salud\/#breadcrumb"},"inLanguage":"es","potentialAction":[{"@type":"ReadAction","target":["https:\/\/www.unyk.tv\/es\/solucion-salud\/"]}]},{"@type":"BreadcrumbList","@id":"https:\/\/www.unyk.tv\/es\/solucion-salud\/#breadcrumb","itemListElement":[{"@type":"ListItem","position":1,"name":"Home","item":"https:\/\/www.unyk.tv\/es\/"},{"@type":"ListItem","position":2,"name":"Soluci\u00f3n | Salud"}]},{"@type":"WebSite","@id":"https:\/\/www.unyk.tv\/en\/#website","url":"https:\/\/www.unyk.tv\/en\/","name":"UnykTV\u2122","description":"Cloud Signage and Cloud Hospitality","potentialAction":[{"@type":"SearchAction","target":{"@type":"EntryPoint","urlTemplate":"https:\/\/www.unyk.tv\/en\/?s={search_term_string}"},"query-input":"required name=search_term_string"}],"inLanguage":"es"}]}},"_links":{"self":[{"href":"https:\/\/www.unyk.tv\/es\/wp-json\/wp\/v2\/pages\/4271"}],"collection":[{"href":"https:\/\/www.unyk.tv\/es\/wp-json\/wp\/v2\/pages"}],"about":[{"href":"https:\/\/www.unyk.tv\/es\/wp-json\/wp\/v2\/types\/page"}],"author":[{"embeddable":true,"href":"https:\/\/www.unyk.tv\/es\/wp-json\/wp\/v2\/users\/2"}],"replies":[{"embeddable":true,"href":"https:\/\/www.unyk.tv\/es\/wp-json\/wp\/v2\/comments?post=4271"}],"version-history":[{"count":2,"href":"https:\/\/www.unyk.tv\/es\/wp-json\/wp\/v2\/pages\/4271\/revisions"}],"predecessor-version":[{"id":5418,"href":"https:\/\/www.unyk.tv\/es\/wp-json\/wp\/v2\/pages\/4271\/revisions\/5418"}],"wp:attachment":[{"href":"https:\/\/www.unyk.tv\/es\/wp-json\/wp\/v2\/media?parent=4271"}],"curies":[{"name":"wp","href":"https:\/\/api.w.org\/{rel}","templated":true}]}}