{"id":4570,"date":"2019-12-19T18:28:17","date_gmt":"2019-12-19T17:28:17","guid":{"rendered":"http:\/\/wp.unyk.tv.172-26-223-1.contacte-nos.com\/donde-encontrar\/"},"modified":"2022-11-18T10:06:03","modified_gmt":"2022-11-18T10:06:03","slug":"donde-encontrar","status":"publish","type":"page","link":"https:\/\/www.unyk.tv\/es\/donde-encontrar\/","title":{"rendered":"Donde Encontrar"},"content":{"rendered":"<div class=\"fusion-fullwidth fullwidth-box fusion-builder-row-1 fusion-parallax-none onde-encontrar hundred-percent-fullwidth non-hundred-percent-height-scrolling lazyload\" style=\"background-color: #ffffff;background-position: center center;background-repeat: no-repeat;padding-top:144px;padding-right:80px;padding-bottom:80px;padding-left:80px;margin-bottom: 0px;margin-top: 0px;border-width: 0px 0px 0px 0px;border-color:#eae9e9;border-style:solid;-webkit-background-size:cover;-moz-background-size:cover;-o-background-size:cover;background-size:cover;\" data-bg=\"https:\/\/www.unyk.tv\/wp-content\/uploads\/2019\/12\/white.jpg\" ><div class=\"fusion-builder-row fusion-row\"><div class=\"fusion-layout-column fusion_builder_column fusion-builder-column-0 fusion_builder_column_1_1 1_1 fusion-one-full fusion-column-first fusion-column-last\" style=\"margin-top:0px;margin-bottom:0px;\"><div class=\"fusion-column-wrapper fusion-flex-column-wrapper-legacy\" style=\"background-position:left top;background-repeat:no-repeat;-webkit-background-size:cover;-moz-background-size:cover;-o-background-size:cover;background-size:cover;background-color:#ffffff;padding: 64px 64px 32px 64px;\"><style type=\"text\/css\"><\/style><div class=\"fusion-title title fusion-title-1 fusion-sep-none fusion-title-text fusion-title-size-six\" style=\"margin-top:0px;margin-right:0px;margin-bottom:32px;margin-left:0px;\"><h6 class=\"title-heading-left fusion-responsive-typography-calculated\" style=\"margin:0;--fontSize:48;line-height:1.5;\">Donde Encontrar<\/h6><\/div><style type=\"text\/css\"><\/style><div class=\"fusion-title title fusion-title-2 fusion-sep-none fusion-title-text fusion-title-size-three\" style=\"font-size:20px;margin-top:0px;margin-right:0px;margin-bottom:0px;margin-left:0px;\"><h3 class=\"title-heading-left fusion-responsive-typography-calculated\" style=\"margin:0;font-size:1em;--fontSize:20;line-height:1.8;\">Unyktv tiene socios en todo el mundo.<br \/>\nP\u00f3ngase en contacto con el equipo m\u00e1s cercano a usted.<\/h3><\/div><div class=\"fusion-clearfix\"><\/div><\/div><\/div><div class=\"fusion-layout-column fusion_builder_column fusion-builder-column-1 fusion_builder_column_1_1 1_1 fusion-one-full fusion-column-first fusion-column-last continentes\" style=\"margin-top:0px;margin-bottom:0px;\"><div class=\"fusion-column-wrapper fusion-flex-column-wrapper-legacy\" style=\"background-position:left top;background-repeat:no-repeat;-webkit-background-size:cover;-moz-background-size:cover;-o-background-size:cover;background-size:cover;background-color:#ffffff;padding: 32px 64px 64px 64px;\"><style type=\"text\/css\"><\/style><div class=\"fusion-title title fusion-title-3 fusion-sep-none fusion-title-text fusion-title-size-two text-uppercase\" style=\"font-size:13px;margin-top:0px;margin-right:0px;margin-bottom:16px;margin-left:0px;\"><h2 class=\"title-heading-left fusion-responsive-typography-calculated\" style=\"margin:0;font-size:1em;letter-spacing:1.3px;--fontSize:13;line-height:1.25;\">Am\u00e9rica del Norte y del Sur<\/h2><\/div><div class=\"fusion-text fusion-text-1\"><p>Llame al <a href=\"tel:+351289300170\">+351 289 300 170<\/a>* para ponerse en contacto con un socio de distribuci\u00f3n o un socio Unyktv cerca de usted. Tambi\u00e9n puede enviar un correo electr\u00f3nico a <a href=\"mailto:america@unyk.tv\">america@unyk.tv<\/a>.<\/p>\n<\/div><div class=\"fusion-sep-clear\"><\/div><div class=\"fusion-separator fusion-full-width-sep\" style=\"margin-left: auto;margin-right: auto;width:100%;\"><div class=\"fusion-separator-border sep-single sep-solid\" style=\"border-color:#d6d6d6;border-top-width:1px;\"><\/div><\/div><div class=\"fusion-sep-clear\"><\/div><style type=\"text\/css\"><\/style><div class=\"fusion-title title fusion-title-4 fusion-sep-none fusion-title-text fusion-title-size-two text-uppercase\" style=\"font-size:13px;margin-top:32px;margin-right:0px;margin-bottom:16px;margin-left:0px;\"><h2 class=\"title-heading-left fusion-responsive-typography-calculated\" style=\"margin:0;font-size:1em;letter-spacing:1.3px;--fontSize:13;line-height:1.25;\">Europa<\/h2><\/div><div class=\"fusion-text fusion-text-2\"><p>P\u00f3ngase en contacto con <a href=\"tel:+351289300170\">+351 289 300 170<\/a>* o env\u00ede un correo electr\u00f3nico a <a href=\"africa@unyk.tv\">africa@unyk.tv<\/a>. Nuestro equipo le ayudar\u00e1 a ponerse en contacto con distribuidores y socios de Unyktv m\u00e1s cercanos a usted.<\/p>\n<\/div><div class=\"fusion-sep-clear\"><\/div><div class=\"fusion-separator fusion-full-width-sep\" style=\"margin-left: auto;margin-right: auto;width:100%;\"><div class=\"fusion-separator-border sep-single sep-solid\" style=\"border-color:#d6d6d6;border-top-width:1px;\"><\/div><\/div><div class=\"fusion-sep-clear\"><\/div><style type=\"text\/css\"><\/style><div class=\"fusion-title title fusion-title-5 fusion-sep-none fusion-title-text fusion-title-size-two text-uppercase\" style=\"font-size:13px;margin-top:32px;margin-right:0px;margin-bottom:16px;margin-left:0px;\"><h2 class=\"title-heading-left fusion-responsive-typography-calculated\" style=\"margin:0;font-size:1em;letter-spacing:1.3px;--fontSize:13;line-height:1.25;\">\u00c1sia<\/h2><\/div><div class=\"fusion-text fusion-text-3\"><p>Llame al <a href=\"tel:+351289300170\">+351 289 300 170<\/a>* o env\u00ede un correo electr\u00f3nico a <a href=\"asia@unyk.tv\">asia@unyk.tv<\/a>. Nuestros profesionales le pondr\u00e1n en contacto con distribuidores y socios de Unyktv ubicados en su \u00e1rea.<\/p>\n<\/div><div class=\"fusion-sep-clear\"><\/div><div class=\"fusion-separator fusion-full-width-sep\" style=\"margin-left: auto;margin-right: auto;width:100%;\"><div class=\"fusion-separator-border sep-single sep-solid\" style=\"border-color:#d6d6d6;border-top-width:1px;\"><\/div><\/div><div class=\"fusion-sep-clear\"><\/div><style type=\"text\/css\"><\/style><div class=\"fusion-title title fusion-title-6 fusion-sep-none fusion-title-text fusion-title-size-two text-uppercase\" style=\"font-size:13px;margin-top:32px;margin-right:0px;margin-bottom:16px;margin-left:0px;\"><h2 class=\"title-heading-left fusion-responsive-typography-calculated\" style=\"margin:0;font-size:1em;letter-spacing:1.3px;--fontSize:13;line-height:1.25;\">\u00c1frica<\/h2><\/div><div class=\"fusion-text fusion-text-4\"><p>Contacte con el <a href=\"tel:+351289300170\">+351 289 300 170<\/a>* o env\u00ede un correo electr\u00f3nico a <a href=\"mailto:sales@unyk.tv\">sales@unyk.tv<\/a>. Nuestro equipo le ayudar\u00e1 a establecer contacto con los distribuidores y socios de UnykTV m\u00e1s cercanos a usted.<\/p>\n<\/div><div class=\"fusion-sep-clear\"><\/div><div class=\"fusion-separator fusion-full-width-sep\" style=\"margin-left: auto;margin-right: auto;width:100%;\"><div class=\"fusion-separator-border sep-single sep-solid\" style=\"border-color:#d6d6d6;border-top-width:1px;\"><\/div><\/div><div class=\"fusion-sep-clear\"><\/div><style type=\"text\/css\"><\/style><div class=\"fusion-title title fusion-title-7 fusion-sep-none fusion-title-text fusion-title-size-two text-uppercase\" style=\"font-size:13px;margin-top:32px;margin-right:0px;margin-bottom:16px;margin-left:0px;\"><h2 class=\"title-heading-left fusion-responsive-typography-calculated\" style=\"margin:0;font-size:1em;letter-spacing:1.3px;--fontSize:13;line-height:1.25;\">Argentina<\/h2><\/div><div class=\"fusion-text fusion-text-5\"><div>Contacte con el <a href=\"tel:+5492216449056\">+54 9 221 644-9056<\/a> o env\u00ede un email a \u00a0<a href=\"mailto:comercial@algardata.com.ar\">comercial@algardata.com.ar<\/a>. Nuestro equipo lo ayudar\u00e1 a elegir la soluci\u00f3n UnykTv adecuada para su negocio.<\/div>\n<\/div><div class=\"fusion-sep-clear\"><\/div><div class=\"fusion-separator fusion-full-width-sep\" style=\"margin-left: auto;margin-right: auto;width:100%;\"><div class=\"fusion-separator-border sep-single sep-solid\" style=\"border-color:#d6d6d6;border-top-width:1px;\"><\/div><\/div><div class=\"fusion-sep-clear\"><\/div><style type=\"text\/css\"><\/style><div class=\"fusion-title title fusion-title-8 fusion-sep-none fusion-title-text fusion-title-size-two text-uppercase\" style=\"font-size:13px;margin-top:32px;margin-right:0px;margin-bottom:16px;margin-left:0px;\"><h2 class=\"title-heading-left fusion-responsive-typography-calculated\" style=\"margin:0;font-size:1em;letter-spacing:1.3px;--fontSize:13;line-height:1.25;\">Globalmente<\/h2><\/div><div class=\"fusion-text fusion-text-6 last\"><p>Comun\u00edquese con <a href=\"tel:+351289300170\">+351 289 300 170<\/a> o env\u00ede un correo electr\u00f3nico a <a href=\"sales@unyk.tv\">sales@unyk.tv<\/a>. Nuestros profesionales le ayudar\u00e1n a conectarse con nuestros socios de distribuci\u00f3n para iniciar sus ventas.<\/p>\n<\/div><div class=\"fusion-sep-clear\"><\/div><div class=\"fusion-separator fusion-full-width-sep\" style=\"margin-left: auto;margin-right: auto;margin-top:18px;width:100%;\"><div class=\"fusion-separator-border sep-single sep-solid\" style=\"border-color:#d6d6d6;border-top-width:1px;\"><\/div><\/div><div class=\"fusion-sep-clear\"><\/div><div class=\"fusion-text fusion-text-7\" style=\"font-size:13px;\"><p>* Llamada a la red fija portuguesa<\/p>\n<\/div><div class=\"fusion-clearfix\"><\/div><\/div><\/div><\/div><\/div>\n","protected":false},"excerpt":{"rendered":"","protected":false},"author":2,"featured_media":0,"parent":0,"menu_order":0,"comment_status":"closed","ping_status":"closed","template":"100-width.php","meta":[],"yoast_head":"<!-- This site is optimized with the Yoast SEO plugin v20.4 - https:\/\/yoast.com\/wordpress\/plugins\/seo\/ -->\n<title>Donde Encontrar - UnykTV\u2122<\/title>\n<meta name=\"description\" content=\"Digital Signage Software. Exclusive 10+ features that are unique to the Cloud Signage Industry. Digital Sign made easy! Check Unyk TV.\" \/>\n<meta name=\"robots\" content=\"index, follow, max-snippet:-1, max-image-preview:large, max-video-preview:-1\" \/>\n<link rel=\"canonical\" href=\"https:\/\/www.unyk.tv\/onde-encontrar\/\" \/>\n<meta property=\"og:locale\" content=\"es_ES\" \/>\n<meta property=\"og:type\" content=\"article\" \/>\n<meta property=\"og:title\" content=\"Donde Encontrar - UnykTV\u2122\" \/>\n<meta property=\"og:description\" content=\"Digital Signage Software. Exclusive 10+ features that are unique to the Cloud Signage Industry. Digital Sign made easy! Check Unyk TV.\" \/>\n<meta property=\"og:url\" content=\"https:\/\/www.unyk.tv\/onde-encontrar\/\" \/>\n<meta property=\"og:site_name\" content=\"UnykTV\u2122\" \/>\n<meta property=\"article:publisher\" content=\"https:\/\/www.facebook.com\/unyktv\/\" \/>\n<meta property=\"article:modified_time\" content=\"2022-11-18T10:06:03+00:00\" \/>\n<meta property=\"og:image\" content=\"https:\/\/www.unyk.tv\/wp-content\/uploads\/2019\/11\/hospitality_footer.jpg\" \/>\n\t<meta property=\"og:image:width\" content=\"1920\" \/>\n\t<meta property=\"og:image:height\" content=\"1280\" \/>\n\t<meta property=\"og:image:type\" content=\"image\/jpeg\" \/>\n<meta name=\"twitter:card\" content=\"summary_large_image\" \/>\n<meta name=\"twitter:site\" content=\"@unyktv\" \/>\n<meta name=\"twitter:label1\" content=\"Tiempo de lectura\" \/>\n\t<meta name=\"twitter:data1\" content=\"8 minutos\" \/>\n<script type=\"application\/ld+json\" class=\"yoast-schema-graph\">{\"@context\":\"https:\/\/schema.org\",\"@graph\":[{\"@type\":\"WebPage\",\"@id\":\"https:\/\/www.unyk.tv\/onde-encontrar\/\",\"url\":\"https:\/\/www.unyk.tv\/onde-encontrar\/\",\"name\":\"Donde Encontrar - UnykTV\u2122\",\"isPartOf\":{\"@id\":\"https:\/\/www.unyk.tv\/en\/#website\"},\"datePublished\":\"2019-12-19T17:28:17+00:00\",\"dateModified\":\"2022-11-18T10:06:03+00:00\",\"description\":\"Digital Signage Software. Exclusive 10+ features that are unique to the Cloud Signage Industry. Digital Sign made easy! Check Unyk TV.\",\"breadcrumb\":{\"@id\":\"https:\/\/www.unyk.tv\/onde-encontrar\/#breadcrumb\"},\"inLanguage\":\"es\",\"potentialAction\":[{\"@type\":\"ReadAction\",\"target\":[\"https:\/\/www.unyk.tv\/onde-encontrar\/\"]}]},{\"@type\":\"BreadcrumbList\",\"@id\":\"https:\/\/www.unyk.tv\/onde-encontrar\/#breadcrumb\",\"itemListElement\":[{\"@type\":\"ListItem\",\"position\":1,\"name\":\"Home\",\"item\":\"https:\/\/www.unyk.tv\/es\/\"},{\"@type\":\"ListItem\",\"position\":2,\"name\":\"Donde Encontrar\"}]},{\"@type\":\"WebSite\",\"@id\":\"https:\/\/www.unyk.tv\/en\/#website\",\"url\":\"https:\/\/www.unyk.tv\/en\/\",\"name\":\"UnykTV\u2122\",\"description\":\"Cloud Signage and Cloud Hospitality\",\"potentialAction\":[{\"@type\":\"SearchAction\",\"target\":{\"@type\":\"EntryPoint\",\"urlTemplate\":\"https:\/\/www.unyk.tv\/en\/?s={search_term_string}\"},\"query-input\":\"required name=search_term_string\"}],\"inLanguage\":\"es\"}]}<\/script>\n<!-- \/ Yoast SEO plugin. -->","yoast_head_json":{"title":"Donde Encontrar - UnykTV\u2122","description":"Digital Signage Software. Exclusive 10+ features that are unique to the Cloud Signage Industry. Digital Sign made easy! Check Unyk TV.","robots":{"index":"index","follow":"follow","max-snippet":"max-snippet:-1","max-image-preview":"max-image-preview:large","max-video-preview":"max-video-preview:-1"},"canonical":"https:\/\/www.unyk.tv\/onde-encontrar\/","og_locale":"es_ES","og_type":"article","og_title":"Donde Encontrar - UnykTV\u2122","og_description":"Digital Signage Software. Exclusive 10+ features that are unique to the Cloud Signage Industry. Digital Sign made easy! Check Unyk TV.","og_url":"https:\/\/www.unyk.tv\/onde-encontrar\/","og_site_name":"UnykTV\u2122","article_publisher":"https:\/\/www.facebook.com\/unyktv\/","article_modified_time":"2022-11-18T10:06:03+00:00","og_image":[{"width":1920,"height":1280,"url":"https:\/\/www.unyk.tv\/wp-content\/uploads\/2019\/11\/hospitality_footer.jpg","type":"image\/jpeg"}],"twitter_card":"summary_large_image","twitter_site":"@unyktv","twitter_misc":{"Tiempo de lectura":"8 minutos"},"schema":{"@context":"https:\/\/schema.org","@graph":[{"@type":"WebPage","@id":"https:\/\/www.unyk.tv\/onde-encontrar\/","url":"https:\/\/www.unyk.tv\/onde-encontrar\/","name":"Donde Encontrar - UnykTV\u2122","isPartOf":{"@id":"https:\/\/www.unyk.tv\/en\/#website"},"datePublished":"2019-12-19T17:28:17+00:00","dateModified":"2022-11-18T10:06:03+00:00","description":"Digital Signage Software. Exclusive 10+ features that are unique to the Cloud Signage Industry. Digital Sign made easy! Check Unyk TV.","breadcrumb":{"@id":"https:\/\/www.unyk.tv\/onde-encontrar\/#breadcrumb"},"inLanguage":"es","potentialAction":[{"@type":"ReadAction","target":["https:\/\/www.unyk.tv\/onde-encontrar\/"]}]},{"@type":"BreadcrumbList","@id":"https:\/\/www.unyk.tv\/onde-encontrar\/#breadcrumb","itemListElement":[{"@type":"ListItem","position":1,"name":"Home","item":"https:\/\/www.unyk.tv\/es\/"},{"@type":"ListItem","position":2,"name":"Donde Encontrar"}]},{"@type":"WebSite","@id":"https:\/\/www.unyk.tv\/en\/#website","url":"https:\/\/www.unyk.tv\/en\/","name":"UnykTV\u2122","description":"Cloud Signage and Cloud Hospitality","potentialAction":[{"@type":"SearchAction","target":{"@type":"EntryPoint","urlTemplate":"https:\/\/www.unyk.tv\/en\/?s={search_term_string}"},"query-input":"required name=search_term_string"}],"inLanguage":"es"}]}},"_links":{"self":[{"href":"https:\/\/www.unyk.tv\/es\/wp-json\/wp\/v2\/pages\/4570"}],"collection":[{"href":"https:\/\/www.unyk.tv\/es\/wp-json\/wp\/v2\/pages"}],"about":[{"href":"https:\/\/www.unyk.tv\/es\/wp-json\/wp\/v2\/types\/page"}],"author":[{"embeddable":true,"href":"https:\/\/www.unyk.tv\/es\/wp-json\/wp\/v2\/users\/2"}],"replies":[{"embeddable":true,"href":"https:\/\/www.unyk.tv\/es\/wp-json\/wp\/v2\/comments?post=4570"}],"version-history":[{"count":3,"href":"https:\/\/www.unyk.tv\/es\/wp-json\/wp\/v2\/pages\/4570\/revisions"}],"predecessor-version":[{"id":5059,"href":"https:\/\/www.unyk.tv\/es\/wp-json\/wp\/v2\/pages\/4570\/revisions\/5059"}],"wp:attachment":[{"href":"https:\/\/www.unyk.tv\/es\/wp-json\/wp\/v2\/media?parent=4570"}],"curies":[{"name":"wp","href":"https:\/\/api.w.org\/{rel}","templated":true}]}}