{"id":4648,"date":"2019-12-27T16:26:33","date_gmt":"2019-12-27T15:26:33","guid":{"rendered":"http:\/\/wp.unyk.tv.172-26-223-1.contacte-nos.com\/revendedor-form\/"},"modified":"2020-01-20T12:12:53","modified_gmt":"2020-01-20T12:12:53","slug":"revendedor-form","status":"publish","type":"page","link":"https:\/\/www.unyk.tv\/es\/revendedor-form\/","title":{"rendered":"Revendedor &#8211; Form"},"content":{"rendered":"<div class=\"fusion-fullwidth fullwidth-box fusion-builder-row-1 contactos nonhundred-percent-fullwidth non-hundred-percent-height-scrolling\" style=\"background-color: #f2f3f3;background-position: center center;background-repeat: no-repeat;padding-top:4%;padding-right:0px;padding-bottom:0px;padding-left:0px;margin-bottom: 0px;margin-top: 0px;border-width: 0px 0px 0px 0px;border-color:#eae9e9;border-style:solid;\" ><div class=\"fusion-builder-row fusion-row\"><div class=\"fusion-layout-column fusion_builder_column fusion-builder-column-0 fusion_builder_column_1_1 1_1 fusion-one-full fusion-column-first fusion-column-last container fusion-animated\" style=\"margin-top:-25vh;margin-bottom:160px;\" data-animationType=\"slideInUp\" data-animationDuration=\"0.6\" data-animationOffset=\"100%\"><div class=\"fusion-column-wrapper fusion-flex-column-wrapper-legacy\" style=\"background-position:left top;background-repeat:no-repeat;-webkit-background-size:cover;-moz-background-size:cover;-o-background-size:cover;background-size:cover;background-color:#ffffff;padding: 80px 0px 80px 0px;\"><div class=\"fusion-fa-align-center\"><i class=\"fb-icon-element-1 fb-icon-element fontawesome-icon fa-envelope-open-text fas circle-no fw-300\" style=\"font-size:51px;\"><\/i><\/div><style>i.fb-icon-element.fontawesome-icon.fb-icon-element-1{ color: #333333;}i.fb-icon-element.fontawesome-icon.fb-icon-element-1:hover { color: #333333;}<\/style><style type=\"text\/css\"><\/style><div class=\"fusion-title title fusion-title-1 fusion-sep-none fusion-title-center fusion-title-text fusion-title-size-six mt-2\" style=\"font-size:32px;margin-top:0px;margin-right:0px;margin-bottom:5px;margin-left:0px;\"><h6 class=\"title-heading-center fusion-responsive-typography-calculated\" style=\"margin:0;font-size:1em;--fontSize:32;line-height:1.5;\">\u00bfQuiere ser revendedor?<\/h6><\/div><div class=\"fusion-text fusion-text-1 text-center mt-1 mb-3\"><p>P\u00f3ngase en contacto con nuestro equipo, le responderemos lo antes posible.<\/p>\n<\/div>\n<div class=\"wpcf7 no-js\" id=\"wpcf7-f4587-o1\" lang=\"en-US\" dir=\"ltr\">\n<div class=\"screen-reader-response\"><p role=\"status\" aria-live=\"polite\" aria-atomic=\"true\"><\/p> <ul><\/ul><\/div>\n<form action=\"\/es\/wp-json\/wp\/v2\/pages\/4648#wpcf7-f4587-o1\" method=\"post\" class=\"wpcf7-form init\" aria-label=\"Contact form\" novalidate=\"novalidate\" data-status=\"init\">\n<div style=\"display: none;\">\n<input type=\"hidden\" name=\"_wpcf7\" value=\"4587\" \/>\n<input type=\"hidden\" name=\"_wpcf7_version\" value=\"5.7.5.1\" \/>\n<input type=\"hidden\" name=\"_wpcf7_locale\" value=\"en_US\" \/>\n<input type=\"hidden\" name=\"_wpcf7_unit_tag\" value=\"wpcf7-f4587-o1\" \/>\n<input type=\"hidden\" name=\"_wpcf7_container_post\" value=\"0\" \/>\n<input type=\"hidden\" name=\"_wpcf7_posted_data_hash\" value=\"\" \/>\n<\/div>\n<div class=\"fusion-columns fusion-clearfix\" style=\"margin-bottom: 20px;\">\n\t<div class=\"col-lg-6 col-md-6 col-sm-12\">\n\t\t<p><span class=\"wpcf7-form-control-wrap\" data-name=\"nome\"><input size=\"40\" class=\"wpcf7-form-control wpcf7-text wpcf7-validates-as-required\" aria-required=\"true\" aria-invalid=\"false\" placeholder=\"Nombre*\" value=\"\" type=\"text\" name=\"nome\" \/><\/span>\n\t\t<\/p>\n\t<\/div>\n\t<div class=\"col-lg-6 col-md-6 col-sm-12\">\n\t\t<p><span class=\"wpcf7-form-control-wrap\" data-name=\"apelido\"><input size=\"40\" class=\"wpcf7-form-control wpcf7-text\" aria-invalid=\"false\" placeholder=\"Apellido\" value=\"\" type=\"text\" name=\"apelido\" \/><\/span>\n\t\t<\/p>\n\t<\/div>\n<\/div>\n<div class=\"fusion-columns fusion-clearfix\" style=\"margin-bottom: 20px;\">\n\t<div class=\"col-lg-12\">\n\t\t<p><span class=\"wpcf7-form-control-wrap\" data-name=\"empresa\"><input size=\"40\" class=\"wpcf7-form-control wpcf7-text\" aria-invalid=\"false\" placeholder=\"Empresa\" value=\"\" type=\"text\" name=\"empresa\" \/><\/span>\n\t\t<\/p>\n\t<\/div>\n<\/div>\n<div class=\"fusion-columns fusion-clearfix\" style=\"margin-bottom: 20px;\">\n\t<div class=\"col-lg-12\">\n\t\t<p><span class=\"wpcf7-form-control-wrap\" data-name=\"email\"><input size=\"40\" class=\"wpcf7-form-control wpcf7-text wpcf7-email wpcf7-validates-as-required wpcf7-validates-as-email\" aria-required=\"true\" aria-invalid=\"false\" placeholder=\"Correo electr\u00f3nico*\" value=\"\" type=\"email\" name=\"email\" \/><\/span>\n\t\t<\/p>\n\t<\/div>\n<\/div>\n<div class=\"fusion-columns fusion-clearfix\" style=\"margin-bottom: 20px;\">\n\t<div class=\"col-lg-12\">\n\t\t<p><span class=\"wpcf7-form-control-wrap\" data-name=\"country\"><select class=\"wpcf7-form-control wpcf7-select\" aria-invalid=\"false\" name=\"country\"><option value=\"\">Pa\u00eds*<\/option><option value=\"Portugal\">Portugal<\/option><option value=\"Estados Unidos\">Estados Unidos<\/option><option value=\"Canad\u00e1\">Canad\u00e1<\/option><option value=\"M\u00e9xico\">M\u00e9xico<\/option><option value=\"Reino Unido\">Reino Unido<\/option><option value=\"-----\">-----<\/option><option value=\"Afeganist\u00e3o\">Afeganist\u00e3o<\/option><option value=\"\u00c1frica do Sul\">\u00c1frica do Sul<\/option><option value=\"Alb\u00e2nia\">Alb\u00e2nia<\/option><option value=\"Alemanha\">Alemanha<\/option><option value=\"Andorra\">Andorra<\/option><option value=\"Angola\">Angola<\/option><option value=\"Anguilla\">Anguilla<\/option><option value=\"Ant\u00edgua e Barbuda\">Ant\u00edgua e Barbuda<\/option><option value=\"Antilhas Holandesas\">Antilhas Holandesas<\/option><option value=\"Ar\u00e1bia Saudita\">Ar\u00e1bia Saudita<\/option><option value=\"Arg\u00e9lia\">Arg\u00e9lia<\/option><option value=\"Argentina\">Argentina<\/option><option value=\"Arm\u00eania\">Arm\u00eania<\/option><option value=\"Arm\u00eania\">Arm\u00eania<\/option><option value=\"Aruba\">Aruba<\/option><option value=\"Austr\u00e1lia\">Austr\u00e1lia<\/option><option value=\"\u00c1ustria\">\u00c1ustria<\/option><option value=\"Azerbaij\u00e3o\">Azerbaij\u00e3o<\/option><option value=\"Azerbaij\u00e3o\">Azerbaij\u00e3o<\/option><option value=\"Bahamas\">Bahamas<\/option><option value=\"Bangladesh\">Bangladesh<\/option><option value=\"Barbados\">Barbados<\/option><option value=\"Bar\u00e9m\">Bar\u00e9m<\/option><option value=\"B\u00e9lgica\">B\u00e9lgica<\/option><option value=\"Belize\">Belize<\/option><option value=\"Benin\">Benin<\/option><option value=\"Bermudas\">Bermudas<\/option><option value=\"Bielorr\u00fassia\">Bielorr\u00fassia<\/option><option value=\"Bol\u00edvia\">Bol\u00edvia<\/option><option value=\"Bonaire\">Bonaire<\/option><option value=\"B\u00f3snia e Herzegovina\">B\u00f3snia e Herzegovina<\/option><option value=\"Botsuana\">Botsuana<\/option><option value=\"Brasil\">Brasil<\/option><option value=\"Brunei Darussalam\">Brunei Darussalam<\/option><option value=\"Bulg\u00e1ria\">Bulg\u00e1ria<\/option><option value=\"Burkina Faso\">Burkina Faso<\/option><option value=\"Burundi\">Burundi<\/option><option value=\"But\u00e3o\">But\u00e3o<\/option><option value=\"cabo Verde\">cabo Verde<\/option><option value=\"Camar\u00f5es\">Camar\u00f5es<\/option><option value=\"Camboja\">Camboja<\/option><option value=\"Catar\">Catar<\/option><option value=\"Cazaquist\u00e3o\">Cazaquist\u00e3o<\/option><option value=\"Cazaquist\u00e3o\">Cazaquist\u00e3o<\/option><option value=\"Chade\">Chade<\/option><option value=\"Chile\">Chile<\/option><option value=\"China\">China<\/option><option value=\"Chipre\">Chipre<\/option><option value=\"Chipre\">Chipre<\/option><option value=\"Cingapura\">Cingapura<\/option><option value=\"Col\u00f4mbia\">Col\u00f4mbia<\/option><option value=\"Comores\">Comores<\/option><option value=\"Congo\">Congo<\/option><option value=\"Congo\">Congo<\/option><option value=\"Cor\u00e9ia\">Cor\u00e9ia<\/option><option value=\"Cor\u00e9ia\">Cor\u00e9ia<\/option><option value=\"Costa do Marfim\">Costa do Marfim<\/option><option value=\"Costa Rica\">Costa Rica<\/option><option value=\"Cro\u00e1cia\">Cro\u00e1cia<\/option><option value=\"Cuba\">Cuba<\/option><option value=\"Cura\u00e7ao\">Cura\u00e7ao<\/option><option value=\"Dinamarca\">Dinamarca<\/option><option value=\"Djibuti\">Djibuti<\/option><option value=\"Dominica\">Dominica<\/option><option value=\"Egito\">Egito<\/option><option value=\"El Salvador\">El Salvador<\/option><option value=\"Emirados \u00c1rabes Unidos\">Emirados \u00c1rabes Unidos<\/option><option value=\"Equador\">Equador<\/option><option value=\"Eritreia\">Eritreia<\/option><option value=\"Eslov\u00e1quia (Rep\u00fablica Eslovaca)\">Eslov\u00e1quia (Rep\u00fablica Eslovaca)<\/option><option value=\"Eslov\u00eania\">Eslov\u00eania<\/option><option value=\"Espanha\">Espanha<\/option><option value=\"Est\u00f4nia\">Est\u00f4nia<\/option><option value=\"Eti\u00f3pia\">Eti\u00f3pia<\/option><option value=\"Federa\u00e7\u00e3o Russa\">Federa\u00e7\u00e3o Russa<\/option><option value=\"Fiji\">Fiji<\/option><option value=\"Filipinas\">Filipinas<\/option><option value=\"Finl\u00e2ndia\">Finl\u00e2ndia<\/option><option value=\"Fran\u00e7a\">Fran\u00e7a<\/option><option value=\"Gab\u00e3o\">Gab\u00e3o<\/option><option value=\"G\u00e2mbia\">G\u00e2mbia<\/option><option value=\"Gana\">Gana<\/option><option value=\"Ge\u00f3rgia\">Ge\u00f3rgia<\/option><option value=\"Gibraltar\">Gibraltar<\/option><option value=\"Granada\">Granada<\/option><option value=\"Gr\u00e9cia\">Gr\u00e9cia<\/option><option value=\"Gronel\u00e2ndia\">Gronel\u00e2ndia<\/option><option value=\"Guadalupe\">Guadalupe<\/option><option value=\"Guam\">Guam<\/option><option value=\"Guatemala\">Guatemala<\/option><option value=\"Guernsey\">Guernsey<\/option><option value=\"Guiana\">Guiana<\/option><option value=\"Guiana Francesa\">Guiana Francesa<\/option><option value=\"Guin\u00e9\">Guin\u00e9<\/option><option value=\"Guin\u00e9 Equatorial\">Guin\u00e9 Equatorial<\/option><option value=\"Guin\u00e9-Bissau\">Guin\u00e9-Bissau<\/option><option value=\"Haiti\">Haiti<\/option><option value=\"Honduras\">Honduras<\/option><option value=\"Hong Kong\">Hong Kong<\/option><option value=\"Hungria\">Hungria<\/option><option value=\"I\u00e9men\">I\u00e9men<\/option><option value=\"Ilha Bouvet (Bouvetoya)\">Ilha Bouvet (Bouvetoya)<\/option><option value=\"Ilha de Man\">Ilha de Man<\/option><option value=\"Ilha do Natal\">Ilha do Natal<\/option><option value=\"Ilha Heard e Ilhas McDonald\">Ilha Heard e Ilhas McDonald<\/option><option value=\"Ilha Norfolk\">Ilha Norfolk<\/option><option value=\"Ilhas Cayman\">Ilhas Cayman<\/option><option value=\"Ilhas Cocos (Keeling)\">Ilhas Cocos (Keeling)<\/option><option value=\"Ilhas Cook\">Ilhas Cook<\/option><option value=\"Ilhas Falkland (Malvinas)\">Ilhas Falkland (Malvinas)<\/option><option value=\"ilhas Faroe\">ilhas Faroe<\/option><option value=\"Ilhas Ge\u00f3rgia do Sul e Sandwich do Sul\">Ilhas Ge\u00f3rgia do Sul e Sandwich do Sul<\/option><option value=\"Ilhas Marianas do Norte\">Ilhas Marianas do Norte<\/option><option value=\"Ilhas Marshall\">Ilhas Marshall<\/option><option value=\"Ilhas Menores Distantes dos EUA\">Ilhas Menores Distantes dos EUA<\/option><option value=\"Ilhas Pitcairn\">Ilhas Pitcairn<\/option><option value=\"Ilhas Salom\u00e3o\">Ilhas Salom\u00e3o<\/option><option value=\"Ilhas Svalbard e Jan Mayen\">Ilhas Svalbard e Jan Mayen<\/option><option value=\"Ilhas Turcas e Caicos\">Ilhas Turcas e Caicos<\/option><option value=\"Ilhas Virgens Americanas\">Ilhas Virgens Americanas<\/option><option value=\"Ilhas Virgens Brit\u00e2nicas\">Ilhas Virgens Brit\u00e2nicas<\/option><option value=\"\u00cdndia\">\u00cdndia<\/option><option value=\"Indon\u00e9sia\">Indon\u00e9sia<\/option><option value=\"Ir\">Ir<\/option><option value=\"Ir\u00e3\">Ir\u00e3<\/option><option value=\"Iraque\">Iraque<\/option><option value=\"Irlanda\">Irlanda<\/option><option value=\"Isl\u00e2ndia\">Isl\u00e2ndia<\/option><option value=\"Israel\">Israel<\/option><option value=\"It\u00e1lia\">It\u00e1lia<\/option><option value=\"Jamahiriya \u00e1rabe da L\u00edbia\">Jamahiriya \u00e1rabe da L\u00edbia<\/option><option value=\"Jamaica\">Jamaica<\/option><option value=\"Jap\u00e3o\">Jap\u00e3o<\/option><option value=\"Jersey\">Jersey<\/option><option value=\"Jord\u00e2nia\">Jord\u00e2nia<\/option><option value=\"Kiribati\">Kiribati<\/option><option value=\"Kuwait\">Kuwait<\/option><option value=\"Lesoto\">Lesoto<\/option><option value=\"Let\u00f4nia\">Let\u00f4nia<\/option><option value=\"L\u00edbano\">L\u00edbano<\/option><option value=\"Lib\u00e9ria\">Lib\u00e9ria<\/option><option value=\"Liechtenstein\">Liechtenstein<\/option><option value=\"Litu\u00e2nia\">Litu\u00e2nia<\/option><option value=\"Luxemburgo\">Luxemburgo<\/option><option value=\"Macau\">Macau<\/option><option value=\"Maced\u00f4nia\">Maced\u00f4nia<\/option><option value=\"Madag\u00e1scar\">Madag\u00e1scar<\/option><option value=\"Mal\u00e1sia\">Mal\u00e1sia<\/option><option value=\"Malawi\">Malawi<\/option><option value=\"Maldivas\">Maldivas<\/option><option value=\"Mali\">Mali<\/option><option value=\"Malta\">Malta<\/option><option value=\"Marrocos\">Marrocos<\/option><option value=\"Martinica\">Martinica<\/option><option value=\"Maur\u00edcia\">Maur\u00edcia<\/option><option value=\"Maurit\u00e2nia\">Maurit\u00e2nia<\/option><option value=\"Mayotte\">Mayotte<\/option><option value=\"Micron\u00e9sia\">Micron\u00e9sia<\/option><option value=\"Mo\u00e7ambique\">Mo\u00e7ambique<\/option><option value=\"Moldova\">Moldova<\/option><option value=\"M\u00f4naco\">M\u00f4naco<\/option><option value=\"Mong\u00f3lia\">Mong\u00f3lia<\/option><option value=\"Montenegro\">Montenegro<\/option><option value=\"Montserrat\">Montserrat<\/option><option value=\"Myanmar\">Myanmar<\/option><option value=\"Nam\u00edbia\">Nam\u00edbia<\/option><option value=\"Nauru\">Nauru<\/option><option value=\"Nepal\">Nepal<\/option><option value=\"Nicar\u00e1gua\">Nicar\u00e1gua<\/option><option value=\"N\u00edger\">N\u00edger<\/option><option value=\"Nig\u00e9ria\">Nig\u00e9ria<\/option><option value=\"Niue\">Niue<\/option><option value=\"Noruega\">Noruega<\/option><option value=\"Nova Caled\u00f4nia\">Nova Caled\u00f4nia<\/option><option value=\"Nova Zel\u00e2ndia\">Nova Zel\u00e2ndia<\/option><option value=\"Om\u00e3\">Om\u00e3<\/option><option value=\"Pa\u00edses Baixos\">Pa\u00edses Baixos<\/option><option value=\"Palau\">Palau<\/option><option value=\"Panam\u00e1\">Panam\u00e1<\/option><option value=\"Papua Nova Guin\u00e9\">Papua Nova Guin\u00e9<\/option><option value=\"Paquist\u00e3o\">Paquist\u00e3o<\/option><option value=\"Paraguai\">Paraguai<\/option><option value=\"Peru\">Peru<\/option><option value=\"Peru\">Peru<\/option><option value=\"Peru\">Peru<\/option><option value=\"Polin\u00e9sia Francesa\">Polin\u00e9sia Francesa<\/option><option value=\"Pol\u00f4nia\">Pol\u00f4nia<\/option><option value=\"Porto Rico\">Porto Rico<\/option><option value=\"Qu\u00eania\">Qu\u00eania<\/option><option value=\"Rep\u00fablica \u00c1rabe da S\u00edria\">Rep\u00fablica \u00c1rabe da S\u00edria<\/option><option value=\"Rep\u00fablica Centro-Africana\">Rep\u00fablica Centro-Africana<\/option><option value=\"Rep\u00fablica Checa\">Rep\u00fablica Checa<\/option><option value=\"Rep\u00fablica Democr\u00e1tica Popular do Laos\">Rep\u00fablica Democr\u00e1tica Popular do Laos<\/option><option value=\"Rep\u00fablica do Quirguizist\u00e3o\">Rep\u00fablica do Quirguizist\u00e3o<\/option><option value=\"Rep\u00fablica Dominicana\">Rep\u00fablica Dominicana<\/option><option value=\"Reuni\u00e3o\">Reuni\u00e3o<\/option><option value=\"Rom\u00eania\">Rom\u00eania<\/option><option value=\"Ruanda\">Ruanda<\/option><option value=\"Saara Ocidental\">Saara Ocidental<\/option><option value=\"Samoa\">Samoa<\/option><option value=\"Samoa Americana\">Samoa Americana<\/option><option value=\"San Marino\">San Marino<\/option><option value=\"Santa Helena\">Santa Helena<\/option><option value=\"Santa L\u00facia\">Santa L\u00facia<\/option><option value=\"Santa S\u00e9 (Estado da Cidade do Vaticano)\">Santa S\u00e9 (Estado da Cidade do Vaticano)<\/option><option value=\"S\u00e3o Bartolomeu\">S\u00e3o Bartolomeu<\/option><option value=\"S\u00e3o Crist\u00f3v\u00e3o e Nevis\">S\u00e3o Crist\u00f3v\u00e3o e Nevis<\/option><option value=\"s\u00e3o Martinho\">s\u00e3o Martinho<\/option><option value=\"S\u00e3o Martinho (Holanda)\">S\u00e3o Martinho (Holanda)<\/option><option value=\"S\u00e3o Pedro e Miquelon\">S\u00e3o Pedro e Miquelon<\/option><option value=\"S\u00e3o Tom\u00e9 e Pr\u00edncipe\">S\u00e3o Tom\u00e9 e Pr\u00edncipe<\/option><option value=\"S\u00e3o Vicente e Granadinas\">S\u00e3o Vicente e Granadinas<\/option><option value=\"Senegal\">Senegal<\/option><option value=\"Serra Leoa\">Serra Leoa<\/option><option value=\"S\u00e9rvia\">S\u00e9rvia<\/option><option value=\"Seychelles\">Seychelles<\/option><option value=\"Som\u00e1lia\">Som\u00e1lia<\/option><option value=\"Sri Lanka\">Sri Lanka<\/option><option value=\"Suazil\u00e2ndia\">Suazil\u00e2ndia<\/option><option value=\"Sud\u00e3o\">Sud\u00e3o<\/option><option value=\"Su\u00e9cia\">Su\u00e9cia<\/option><option value=\"Su\u00ed\u00e7a\">Su\u00ed\u00e7a<\/option><option value=\"Suriname\">Suriname<\/option><option value=\"Tail\u00e2ndia\">Tail\u00e2ndia<\/option><option value=\"Taiwan\">Taiwan<\/option><option value=\"Tajiquist\u00e3o\">Tajiquist\u00e3o<\/option><option value=\"Tanz\u00e2nia\">Tanz\u00e2nia<\/option><option value=\"Territ\u00f3rio Brit\u00e2nico do Oceano \u00cdndico (Arquip\u00e9lago de Chagos)\">Territ\u00f3rio Brit\u00e2nico do Oceano \u00cdndico (Arquip\u00e9lago de Chagos)<\/option><option value=\"Territ\u00f3rio Palestino\">Territ\u00f3rio Palestino<\/option><option value=\"Territ\u00f3rios Franceses do Sul\">Territ\u00f3rios Franceses do Sul<\/option><option value=\"Timor-Leste\">Timor-Leste<\/option><option value=\"Tokelau\">Tokelau<\/option><option value=\"Tonga\">Tonga<\/option><option value=\"Trindade e Tobago\">Trindade e Tobago<\/option><option value=\"Tun\u00edsia\">Tun\u00edsia<\/option><option value=\"Turquemenist\u00e3o\">Turquemenist\u00e3o<\/option><option value=\"Tuvalu\">Tuvalu<\/option><option value=\"Ucr\u00e2nia\">Ucr\u00e2nia<\/option><option value=\"Uganda\">Uganda<\/option><option value=\"Uruguai\">Uruguai<\/option><option value=\"Usbequist\u00e3o\">Usbequist\u00e3o<\/option><option value=\"Vanuatu\">Vanuatu<\/option><option value=\"Venezuela\">Venezuela<\/option><option value=\"Vietn\u00e3\">Vietn\u00e3<\/option><option value=\"Wallis e Futuna\">Wallis e Futuna<\/option><option value=\"Z\u00e2mbia\">Z\u00e2mbia<\/option><option value=\"Zimb\u00e1bue\">Zimb\u00e1bue<\/option><\/select><\/span>\n\t\t<\/p>\n\t<\/div>\n<\/div>\n<div class=\"fusion-columns fusion-clearfix\" style=\"margin-bottom: 20px;\">\n\t<div class=\"col-lg-12\">\n\t\t<p><span class=\"wpcf7-form-control-wrap\" data-name=\"assunto\"><input size=\"40\" class=\"wpcf7-form-control wpcf7-text\" aria-invalid=\"false\" placeholder=\"Asunto\" value=\"\" type=\"text\" name=\"assunto\" \/><\/span>\n\t\t<\/p>\n\t<\/div>\n<\/div>\n<p style=\"margin-bottom: 20px;\"><br \/>\n<span class=\"wpcf7-form-control-wrap\" data-name=\"mensagem\"><textarea cols=\"40\" rows=\"10\" class=\"wpcf7-form-control wpcf7-textarea\" aria-invalid=\"false\" placeholder=\"Mensaje*\" name=\"mensagem\"><\/textarea><\/span>\n<\/p>\n<div class=\"fusion-columns fusion-clearfix\" style=\"margin-bottom: 20px;\">\n\t<div class=\"col-lg-12 botao\">\n\t\t<p><input class=\"wpcf7-form-control has-spinner wpcf7-submit\" type=\"submit\" value=\"ENVIAR CORREO ELETR\u00d3NICO\" \/>\n\t\t<\/p>\n\t<\/div>\n<\/div><div class=\"fusion-alert alert custom alert-custom fusion-alert-center wpcf7-response-output fusion-alert-capitalize alert-dismissable\" style=\"border-width:1px;\"><button type=\"button\" class=\"close toggle-alert\" data-dismiss=\"alert\" aria-hidden=\"true\">&times;<\/button><div class=\"fusion-alert-content-wrapper\"><span class=\"fusion-alert-content\"><\/span><\/div><\/div>\n<\/form>\n<\/div>\n<div class=\"fusion-clearfix\"><\/div><\/div><\/div><\/div><\/div>\n","protected":false},"excerpt":{"rendered":"","protected":false},"author":2,"featured_media":0,"parent":0,"menu_order":0,"comment_status":"closed","ping_status":"closed","template":"100-width.php","meta":[],"yoast_head":"<!-- This site is optimized with the Yoast SEO plugin v20.4 - https:\/\/yoast.com\/wordpress\/plugins\/seo\/ -->\n<title>Revendedor - Form - UnykTV\u2122<\/title>\n<meta name=\"description\" content=\"Digital Signage Software. Exclusive 10+ features that are unique to the Cloud Signage Industry. Digital Sign made easy! Check Unyk TV.\" \/>\n<meta name=\"robots\" content=\"index, follow, max-snippet:-1, max-image-preview:large, max-video-preview:-1\" \/>\n<link rel=\"canonical\" href=\"https:\/\/www.unyk.tv\/es\/revendedor-form\/\" \/>\n<meta property=\"og:locale\" content=\"es_ES\" \/>\n<meta property=\"og:type\" content=\"article\" \/>\n<meta property=\"og:title\" content=\"Revendedor - Form - UnykTV\u2122\" \/>\n<meta property=\"og:description\" content=\"Digital Signage Software. Exclusive 10+ features that are unique to the Cloud Signage Industry. Digital Sign made easy! Check Unyk TV.\" \/>\n<meta property=\"og:url\" content=\"https:\/\/www.unyk.tv\/es\/revendedor-form\/\" \/>\n<meta property=\"og:site_name\" content=\"UnykTV\u2122\" \/>\n<meta property=\"article:publisher\" content=\"https:\/\/www.facebook.com\/unyktv\/\" \/>\n<meta property=\"article:modified_time\" content=\"2020-01-20T12:12:53+00:00\" \/>\n<meta property=\"og:image\" content=\"https:\/\/www.unyk.tv\/wp-content\/uploads\/2019\/11\/hospitality_footer.jpg\" \/>\n\t<meta property=\"og:image:width\" content=\"1920\" \/>\n\t<meta property=\"og:image:height\" content=\"1280\" \/>\n\t<meta property=\"og:image:type\" content=\"image\/jpeg\" \/>\n<meta name=\"twitter:card\" content=\"summary_large_image\" \/>\n<meta name=\"twitter:site\" content=\"@unyktv\" \/>\n<meta name=\"twitter:label1\" content=\"Tiempo de lectura\" \/>\n\t<meta name=\"twitter:data1\" content=\"2 minutos\" \/>\n<script type=\"application\/ld+json\" class=\"yoast-schema-graph\">{\"@context\":\"https:\/\/schema.org\",\"@graph\":[{\"@type\":\"WebPage\",\"@id\":\"https:\/\/www.unyk.tv\/es\/revendedor-form\/\",\"url\":\"https:\/\/www.unyk.tv\/es\/revendedor-form\/\",\"name\":\"Revendedor - Form - UnykTV\u2122\",\"isPartOf\":{\"@id\":\"https:\/\/www.unyk.tv\/en\/#website\"},\"datePublished\":\"2019-12-27T15:26:33+00:00\",\"dateModified\":\"2020-01-20T12:12:53+00:00\",\"description\":\"Digital Signage Software. Exclusive 10+ features that are unique to the Cloud Signage Industry. Digital Sign made easy! Check Unyk TV.\",\"breadcrumb\":{\"@id\":\"https:\/\/www.unyk.tv\/es\/revendedor-form\/#breadcrumb\"},\"inLanguage\":\"es\",\"potentialAction\":[{\"@type\":\"ReadAction\",\"target\":[\"https:\/\/www.unyk.tv\/es\/revendedor-form\/\"]}]},{\"@type\":\"BreadcrumbList\",\"@id\":\"https:\/\/www.unyk.tv\/es\/revendedor-form\/#breadcrumb\",\"itemListElement\":[{\"@type\":\"ListItem\",\"position\":1,\"name\":\"Home\",\"item\":\"https:\/\/www.unyk.tv\/es\/\"},{\"@type\":\"ListItem\",\"position\":2,\"name\":\"Revendedor &#8211; Form\"}]},{\"@type\":\"WebSite\",\"@id\":\"https:\/\/www.unyk.tv\/en\/#website\",\"url\":\"https:\/\/www.unyk.tv\/en\/\",\"name\":\"UnykTV\u2122\",\"description\":\"Cloud Signage and Cloud Hospitality\",\"potentialAction\":[{\"@type\":\"SearchAction\",\"target\":{\"@type\":\"EntryPoint\",\"urlTemplate\":\"https:\/\/www.unyk.tv\/en\/?s={search_term_string}\"},\"query-input\":\"required name=search_term_string\"}],\"inLanguage\":\"es\"}]}<\/script>\n<!-- \/ Yoast SEO plugin. -->","yoast_head_json":{"title":"Revendedor - Form - UnykTV\u2122","description":"Digital Signage Software. Exclusive 10+ features that are unique to the Cloud Signage Industry. Digital Sign made easy! Check Unyk TV.","robots":{"index":"index","follow":"follow","max-snippet":"max-snippet:-1","max-image-preview":"max-image-preview:large","max-video-preview":"max-video-preview:-1"},"canonical":"https:\/\/www.unyk.tv\/es\/revendedor-form\/","og_locale":"es_ES","og_type":"article","og_title":"Revendedor - Form - UnykTV\u2122","og_description":"Digital Signage Software. Exclusive 10+ features that are unique to the Cloud Signage Industry. Digital Sign made easy! Check Unyk TV.","og_url":"https:\/\/www.unyk.tv\/es\/revendedor-form\/","og_site_name":"UnykTV\u2122","article_publisher":"https:\/\/www.facebook.com\/unyktv\/","article_modified_time":"2020-01-20T12:12:53+00:00","og_image":[{"width":1920,"height":1280,"url":"https:\/\/www.unyk.tv\/wp-content\/uploads\/2019\/11\/hospitality_footer.jpg","type":"image\/jpeg"}],"twitter_card":"summary_large_image","twitter_site":"@unyktv","twitter_misc":{"Tiempo de lectura":"2 minutos"},"schema":{"@context":"https:\/\/schema.org","@graph":[{"@type":"WebPage","@id":"https:\/\/www.unyk.tv\/es\/revendedor-form\/","url":"https:\/\/www.unyk.tv\/es\/revendedor-form\/","name":"Revendedor - Form - UnykTV\u2122","isPartOf":{"@id":"https:\/\/www.unyk.tv\/en\/#website"},"datePublished":"2019-12-27T15:26:33+00:00","dateModified":"2020-01-20T12:12:53+00:00","description":"Digital Signage Software. Exclusive 10+ features that are unique to the Cloud Signage Industry. Digital Sign made easy! Check Unyk TV.","breadcrumb":{"@id":"https:\/\/www.unyk.tv\/es\/revendedor-form\/#breadcrumb"},"inLanguage":"es","potentialAction":[{"@type":"ReadAction","target":["https:\/\/www.unyk.tv\/es\/revendedor-form\/"]}]},{"@type":"BreadcrumbList","@id":"https:\/\/www.unyk.tv\/es\/revendedor-form\/#breadcrumb","itemListElement":[{"@type":"ListItem","position":1,"name":"Home","item":"https:\/\/www.unyk.tv\/es\/"},{"@type":"ListItem","position":2,"name":"Revendedor &#8211; Form"}]},{"@type":"WebSite","@id":"https:\/\/www.unyk.tv\/en\/#website","url":"https:\/\/www.unyk.tv\/en\/","name":"UnykTV\u2122","description":"Cloud Signage and Cloud Hospitality","potentialAction":[{"@type":"SearchAction","target":{"@type":"EntryPoint","urlTemplate":"https:\/\/www.unyk.tv\/en\/?s={search_term_string}"},"query-input":"required name=search_term_string"}],"inLanguage":"es"}]}},"_links":{"self":[{"href":"https:\/\/www.unyk.tv\/es\/wp-json\/wp\/v2\/pages\/4648"}],"collection":[{"href":"https:\/\/www.unyk.tv\/es\/wp-json\/wp\/v2\/pages"}],"about":[{"href":"https:\/\/www.unyk.tv\/es\/wp-json\/wp\/v2\/types\/page"}],"author":[{"embeddable":true,"href":"https:\/\/www.unyk.tv\/es\/wp-json\/wp\/v2\/users\/2"}],"replies":[{"embeddable":true,"href":"https:\/\/www.unyk.tv\/es\/wp-json\/wp\/v2\/comments?post=4648"}],"version-history":[{"count":0,"href":"https:\/\/www.unyk.tv\/es\/wp-json\/wp\/v2\/pages\/4648\/revisions"}],"wp:attachment":[{"href":"https:\/\/www.unyk.tv\/es\/wp-json\/wp\/v2\/media?parent=4648"}],"curies":[{"name":"wp","href":"https:\/\/api.w.org\/{rel}","templated":true}]}}